{"id":79,"date":"2022-03-22T15:05:09","date_gmt":"2022-03-22T15:05:09","guid":{"rendered":"https:\/\/blog.yoopies.se\/barnvakt-nanny-dagbarnvardare-ultimata-guiden\/hur-man-intervjuar-en-barnvakt\/"},"modified":"2025-06-12T08:39:12","modified_gmt":"2025-06-12T08:39:12","slug":"hur-man-intervjuar-en-barnvakt","status":"publish","type":"page","link":"https:\/\/yoopies.se\/c\/barnvakt-nanny-dagbarnvardare-ultimata-guiden\/hur-man-intervjuar-en-barnvakt\/","title":{"rendered":"Hur f\u00f6rbereder jag mig inf\u00f6r en intervju med en barnvakt?"},"content":{"rendered":"<p><p>Som f&ouml;r&auml;ldrar vill vi vara s&auml;kra p&aring; att den barnvakt vi anlitar &auml;r p&aring;litlig, trov&auml;rdig och omt&auml;nksam. Om du har hittat en barnvakt fr&aring;n en v&auml;n eller sl&auml;kting beh&ouml;ver du kanske inte intervjua lika mycket som du skulle g&ouml;ra med en fr&auml;mling. Men oavsett om du anlitar n&aring;gon du k&auml;nner p&aring; rekommendation eller en fr&auml;mling rekommenderar vi p&aring; <a href=\"https:\/\/yoopies.se\">Yoopies<\/a> att du l&auml;r k&auml;nna din barnvakt innan du ber honom eller henne att ta hand om dina barn. En intervju &auml;r ett perfekt tillf&auml;lle att l&auml;ra k&auml;nna din barnvakt b&aring;de personligen och professionellt. <\/p>\n<p><strong>S&aring; vilka fr&aring;gor b&ouml;r du st&auml;lla? <\/strong><\/p>\n<\/p>\n<figure><img decoding=\"async\" src=\"https:\/\/yoopies.se\/c\/wp-content\/uploads\/sites\/16\/2022\/03\/f386fa75-938a-4528-82e8-86b6da8adcc0-untitleddesign28229.jpg\" \/><\/figure>\n<p><h2><strong>Grundl&auml;ggande fr&aring;gor<\/strong><\/h2>\n<\/p>\n<p><strong>1) Ber&auml;tta mer om dig sj&auml;lv&#8230;<\/strong><\/p>\n<p>F&ouml;rst och fr&auml;mst vill du f&ouml;rst&aring;s veta vem du tar emot i ditt hem, s&aring; fr&aring;ga din barnvakt om sig sj&auml;lv.<\/p>\n<p>Vilka &auml;r deras hobbyer och intressen? Vilka andra jobb har de haft? Har de n&aring;gra egna barn? Om du l&auml;r k&auml;nna din barnvakt p&aring; ett personligt plan kommer du automatiskt att k&auml;nna dig mer bekv&auml;m med att ha dem i ditt hem och ta hand om ditt barn. Det g&ouml;r ocks&aring; att barnvakten kan k&auml;nna sig bekv&auml;m och skapar f&ouml;ruts&auml;ttningar f&ouml;r ett positivt f&ouml;rh&aring;llande fr&aring;n b&ouml;rjan.<\/p>\n<h4><\/h4>\n<p><strong>2) Vilken erfarenhet har du?<\/strong><\/p>\n<p>F&ouml;r det andra vill du naturligtvis veta om din blivande barnvakt har n&aring;gon tidigare erfarenhet av barnomsorg, formell eller informell, som barnflicka, barnsk&ouml;tare, barnvakt eller au pair. Det h&auml;r &auml;r din chans att ta reda p&aring; lite mer information om deras tidigare roller, till exempel var de var baserade och vilka uppgifter de utf&ouml;rde.<\/p>\n<p>P&aring; s&aring; s&auml;tt kan du ocks&aring; bed&ouml;ma om de har den erfarenhet som du beh&ouml;ver. Om du till exempel vill att din barnvakt &auml;ven ska g&ouml;ra lite l&auml;ttare matlagning &auml;r det en bra id&eacute; att se om de har utf&ouml;rt dessa uppgifter i sin tidigare roll.<\/p>\n<p>Du kan ocks&aring; ta reda p&aring; om personen du intervjuar har tidigare erfarenhet av att ha ett eller flera barn i samma &aring;lder som ditt barn. Din barnvakt kommer till exempel att kunna byta en bl&ouml;ja med st&ouml;rre s&auml;kerhet om han eller hon har tidigare erfarenhet av att ta hand om en liten bebis.<\/p>\n<\/p>\n<p><strong>3) Vad motiverar dig till att vara barnvakt?<\/strong><\/p>\n<p>Ditt barn &auml;r centrum f&ouml;r din v&auml;rld och n&auml;r en barnvakt &auml;r med dem vill du naturligtvis se till att ditt barn &auml;r deras fr&auml;msta prioritet. N&auml;r du pratar med en potentiell barnvakt &auml;r det l&auml;mpligt att fr&aring;ga dem varf&ouml;r de vill ha jobbet och vad de tycker om att ta hand om barn.<\/p>\n<h4><\/h4>\n<p><strong>4) Vad &auml;r det viktigaste att t&auml;nka p&aring; n&auml;r man tar hand om ett barn?<\/strong><\/p>\n<p>Alla familjer &auml;r olika. Det finns dock vissa faktorer n&auml;r man tar hand om ett barn som &auml;r grundl&auml;ggande. Den barnvakt du v&auml;ljer b&ouml;r vara n&aring;gon som f&ouml;rst&aring;r att ditt barns s&auml;kerhet kommer i f&ouml;rsta hand. Vi rekommenderar att du fr&aring;gar din potentiella barnvakt vad de anser vara det viktigaste att t&auml;nka p&aring; n&auml;r man tar hand om ett barn.<\/p>\n<p>Vill du ha n&aring;gon som ditt barn kan knyta band till och lita p&aring;? Vill du ha n&aring;gon som dina barn kan leka med? Vill du ha n&aring;gon som ordnar l&auml;xor, m&aring;ltider och l&auml;ggtider? Genom att ta reda p&aring; vad barnvakten anser vara de viktigaste faktorerna n&auml;r det g&auml;ller att ta hand om barn, kan du snart bed&ouml;ma om dina principer och prioriteringar st&auml;mmer &ouml;verens med deras.<\/p>\n<\/p>\n<p>Andra fr&aring;gor kan vara:<\/p>\n<p><strong>5) Vilka aktiviteter tycker du om att g&ouml;ra med barn? <\/strong><\/p>\n<p><strong>6) Hur ser du p&aring; disciplinering av barn? <\/strong><\/p>\n<p><strong>7) Vad tycker du &auml;r mest utmanande n&auml;r det g&auml;ller barnomsorg?<\/strong><\/p>\n<\/p>\n<h2><strong>Fr&aring;gor om s&auml;kerhet<\/strong><\/h2>\n<h4><\/h4>\n<h4><strong>Certifikat f&ouml;r f&ouml;rsta hj&auml;lpen<\/strong><\/h4>\n<p>Barnvakter &auml;r inte skyldiga att ha ett certifikat f&ouml;r f&ouml;rsta hj&auml;lpen. De flesta barnvakter &auml;r unga vuxna som tar hand om barn oregelbundet eller tillf&auml;lligt och har d&auml;rf&ouml;r inga s&aring;dana kvalifikationer. Det skadar dock inte att fr&aring;ga om din barnvakt &auml;r utbildad i f&ouml;rsta hj&auml;lpen. <\/p>\n<p>Om din barnvakt inte &auml;r utbildad i f&ouml;rsta hj&auml;lpen b&ouml;r du tala om f&ouml;r honom eller henne vad du f&ouml;rv&auml;ntar dig att han eller hon ska g&ouml;ra om en n&ouml;dsituation skulle uppst&aring;. Det finns m&aring;nga anv&auml;ndbara fr&aring;gor som f&ouml;r&auml;ldrar kan st&auml;lla f&ouml;r att f&ouml;rs&auml;kra sig om att din barnvakt kan hantera en n&ouml;dsituation p&aring; ett effektivt s&auml;tt. <\/p>\n<p>Till exempel:<\/p>\n<p><strong>1) Har du n&aring;gonsin varit i en n&ouml;dsituation tidigare? Hur hanterade du den? <\/strong><\/p>\n<p><strong>2) Vad skulle du g&ouml;ra om mitt barn (mina barn) blev allvarligt sjukt eller r&aring;kade ut f&ouml;r en olycka? <\/strong><\/p>\n<p><strong>3) Har du ett giltigt k&ouml;rkort? <\/strong><\/p>\n<p><strong>4) Om mitt barn (mina barn) hade feber, hur skulle du reagera? <\/strong><\/p>\n<p><strong>5) Hur skulle du agera om mitt barn (mina barn) kv&auml;vdes av mat eller en leksak?<\/strong><\/p>\n<\/p>\n<h4><strong>Referenser<\/strong><\/h4>\n<p>Ett annat viktigt tips f&ouml;r barnvaktsintervjuer &auml;r att be om referenser. Din barnvakt b&ouml;r alltid ha n&aring;gra referenser som du kan kontakta, antingen via telefon eller e-post, s&aring; att du kan vara s&auml;ker p&aring; att den barnvakt du v&auml;ljer rekommenderas av andra f&ouml;r&auml;ldrar. Tveka inte att be om kopior av kvalifikationer, intyg och referenser.<\/p>\n<\/p>\n<h2><strong>Fr&aring;gor om arbetsuppgifter och f&ouml;rv&auml;ntningar<\/strong><\/h2>\n<p>Under intervjun b&ouml;r du klarg&ouml;ra dina f&ouml;rv&auml;ntningar f&ouml;r din barnvakt. Om du vill att din barnvakt ska kunna laga l&auml;ttare mat, bada barnen, hantera allergier eller ta ut hunden i tr&auml;dg&aring;rden &#8211; &auml;r allt detta saker som din barnvakt beh&ouml;ver veta. <\/p>\n<p>Du kan st&auml;lla fr&aring;gor f&ouml;r att b&auml;ttre f&ouml;rst&aring; hur bekv&auml;ma de k&auml;nner sig med dina f&ouml;rv&auml;ntningar, t.ex:<\/p>\n<p><strong>1) K&auml;nner du dig bekv&auml;m med stora hundar? <\/strong><\/p>\n<p><strong>2) Ibland beh&ouml;ver mitt barn en inhalator, &auml;r detta n&aring;got som du k&auml;nner dig bekv&auml;m med att ge? <\/strong><\/p>\n<p><strong>3) Kan du hj&auml;lpa till med l&auml;xor? <\/strong><\/p>\n<p><strong>4) Kan du hj&auml;lpa till med badtid eller middagstid? <\/strong><\/p>\n<p><strong>5) &Auml;r du bekv&auml;m med att byta bl&ouml;jor?<br \/>\n<\/strong><\/p>\n<h2><strong>Fr&aring;gor om timpriser<\/strong><\/h2>\n<p>M&aring;nga barnvakter har en taxa fram till midnatt och kan ta ut extra betalt under obekv&auml;ma arbetstider. Det &auml;r upp till dig att f&ouml;rhandla fram ett l&auml;mpligt pris med din barnvakt. Se till att ni b&aring;da &auml;r &ouml;verens om barnvaktens timpris s&aring; att det inte uppst&aring;r n&aring;gra tvister i framtiden. <\/p>\n<p>Fr&aring;gorna kan vara f&ouml;ljande: <\/p>\n<p><strong>1) Vad &auml;r ditt timpris?<\/strong><\/p>\n<p><strong>2) Tar du mer betalt efter midnatt? <\/strong><\/p>\n<p><strong>3) Hur kommer du att resa till v&aring;rt hem? Ska vi f&ouml;rhandla om resekostnader?<\/strong><\/p>\n<\/p>\n<figure><img decoding=\"async\" src=\"https:\/\/yoopies.se\/c\/wp-content\/uploads\/sites\/16\/2022\/03\/afcf3b13-3ef9-4b73-bb38-396ed85fcd49-baca091e-f601-475e-858b-647ea7ed014b-sans2btitre28129.jpg\" \/><\/figure>\n<p><h2><strong>Tecken p&aring; att din barnvakt kanske inte &auml;r r&auml;tt f&ouml;r dig<\/strong><\/h2>\n<\/p>\n<p>Alla intervjuer g&aring;r inte alltid enligt planerna, och det finns n&aring;gra <strong>viktiga saker att t&auml;nka p&aring;<\/strong> f&ouml;r att f&ouml;rs&auml;kra sig om att du har valt <strong>r&auml;tt barnvakt<\/strong>. <\/p>\n<ul>\n<li>Notera hur punktlig din barnvakt var till intervjun om han\/hon inte har en giltig urs&auml;kt, att komma i tid visar p&aring; b&aring;de professionalism och allvar. Att gl&ouml;mma att dyka upp eller allvarlig f&ouml;rsening &auml;r inte den b&auml;sta starten. <\/li>\n<li>H&aring;ll koll p&aring; din barnvakts entusiasm n&auml;r han\/hon svarar p&aring; fr&aring;gor, &auml;r han\/hon engagerad i det du fr&aring;gar? Vill de verkligen ha jobbet? Verkar de villiga att utf&ouml;ra de uppgifter som f&ouml;resl&aring;s? <\/li>\n<li>Hur pratar barnvakten om sina tidigare arbetsgivare och jobb? Att st&auml;ndigt tala negativt om tidigare jobb kan belysa problem med hur de arbetar. <\/li>\n<\/ul>\n<p>Var inte r&auml;dd f&ouml;r att l&aring;ta din blivande barnvakt tr&auml;ffa dina barn n&auml;r du intervjuar dem eller <strong>ordna ett m&ouml;te d&auml;r dina barn och din barnvakt m&ouml;ts med dig n&auml;rvarande. <\/strong><\/p>\n<\/p>\n<p>Vi hoppas att den h&auml;r guiden med fr&aring;gor och tips om intervjuer f&ouml;r barnvakter har varit till hj&auml;lp och vi &ouml;nskar dig lycka till med ditt s&ouml;kande. Om du vill hitta yrkesverksamma personer i ditt omr&aring;de som du kan intervjua kan du g&aring; &ouml;ver till <a href=\"https:\/\/yoopies.se\">Yoopies<\/a> webbplats d&auml;r du kan hitta en barnvakt i ditt omr&aring;de genom att anv&auml;nda v&aring;r snabba och enkla postnummers&ouml;kning.<\/p>\n<\/p>\n<p><a class=\"button\" href=\"https:\/\/yoopies.se\/barnpassning\">Hitta en p\u00e5litlig barnvakt med Yoopies!<\/a><\/p>\n","protected":false},"excerpt":{"rendered":"<p>Som f&ouml;r&auml;ldrar vill vi vara s&auml;kra p&aring; att den barnvakt vi anlitar &auml;r p&aring;litlig, trov&auml;rdig &hellip; <\/p>\n","protected":false},"author":10,"featured_media":82,"parent":32,"menu_order":0,"comment_status":"closed","ping_status":"closed","template":"","meta":{"_acf_changed":false,"footnotes":""},"class_list":["post-79","page","type-page","status-publish","has-post-thumbnail","hentry"],"acf":[],"yoast_head":"<!-- This site is optimized with the Yoast SEO plugin v26.9 - https:\/\/yoast.com\/product\/yoast-seo-wordpress\/ -->\n<title>Hur man intervjuar en barnvakt: Fr\u00e5gor och tips<\/title>\n<meta name=\"description\" content=\"Undrar du vilka fr\u00e5gor du ska st\u00e4lla n\u00e4r du intervjuar en barnvakt? Var inte r\u00e4dd: vi har en lista med allt du beh\u00f6ver veta om hur du b\u00e4st intervjuar en barnvakt!\" \/>\n<meta name=\"robots\" content=\"index, follow, max-snippet:-1, max-image-preview:large, max-video-preview:-1\" \/>\n<link rel=\"canonical\" href=\"https:\/\/yoopies.se\/c\/barnvakt-nanny-dagbarnvardare-ultimata-guiden\/hur-man-intervjuar-en-barnvakt\/\" \/>\n<meta property=\"og:locale\" content=\"sv_SE\" \/>\n<meta property=\"og:type\" content=\"article\" \/>\n<meta property=\"og:title\" content=\"Hur man intervjuar en barnvakt: Fr\u00e5gor och tips\" \/>\n<meta property=\"og:description\" content=\"Undrar du vilka fr\u00e5gor du ska st\u00e4lla n\u00e4r du intervjuar en barnvakt? Var inte r\u00e4dd: vi har en lista med allt du beh\u00f6ver veta om hur du b\u00e4st intervjuar en barnvakt!\" \/>\n<meta property=\"og:url\" content=\"https:\/\/yoopies.se\/c\/barnvakt-nanny-dagbarnvardare-ultimata-guiden\/hur-man-intervjuar-en-barnvakt\/\" \/>\n<meta property=\"og:site_name\" content=\"Yoopies Sverige\" \/>\n<meta property=\"article:modified_time\" content=\"2025-06-12T08:39:12+00:00\" \/>\n<meta property=\"og:image\" content=\"https:\/\/yoopies.se\/c\/wp-content\/uploads\/sites\/16\/2022\/03\/f386fa75-938a-4528-82e8-86b6da8adcc0-untitleddesign28229-1.jpg\" \/>\n\t<meta property=\"og:image:width\" content=\"1200\" \/>\n\t<meta property=\"og:image:height\" content=\"800\" \/>\n\t<meta property=\"og:image:type\" content=\"image\/jpeg\" \/>\n<meta name=\"twitter:card\" content=\"summary_large_image\" \/>\n<meta name=\"twitter:label1\" content=\"Ber\u00e4knad l\u00e4stid\" \/>\n\t<meta name=\"twitter:data1\" content=\"9 minuter\" \/>\n<script type=\"application\/ld+json\" class=\"yoast-schema-graph\">{\"@context\":\"https:\/\/schema.org\",\"@graph\":[{\"@type\":\"WebPage\",\"@id\":\"https:\/\/yoopies.se\/c\/barnvakt-nanny-dagbarnvardare-ultimata-guiden\/hur-man-intervjuar-en-barnvakt\/\",\"url\":\"https:\/\/yoopies.se\/c\/barnvakt-nanny-dagbarnvardare-ultimata-guiden\/hur-man-intervjuar-en-barnvakt\/\",\"name\":\"Hur man intervjuar en barnvakt: Fr\u00e5gor och tips\",\"isPartOf\":{\"@id\":\"https:\/\/yoopies.se\/c\/#website\"},\"primaryImageOfPage\":{\"@id\":\"https:\/\/yoopies.se\/c\/barnvakt-nanny-dagbarnvardare-ultimata-guiden\/hur-man-intervjuar-en-barnvakt\/#primaryimage\"},\"image\":{\"@id\":\"https:\/\/yoopies.se\/c\/barnvakt-nanny-dagbarnvardare-ultimata-guiden\/hur-man-intervjuar-en-barnvakt\/#primaryimage\"},\"thumbnailUrl\":\"https:\/\/yoopies.se\/c\/wp-content\/uploads\/sites\/16\/2022\/03\/f386fa75-938a-4528-82e8-86b6da8adcc0-untitleddesign28229-1.jpg\",\"datePublished\":\"2022-03-22T15:05:09+00:00\",\"dateModified\":\"2025-06-12T08:39:12+00:00\",\"description\":\"Undrar du vilka fr\u00e5gor du ska st\u00e4lla n\u00e4r du intervjuar en barnvakt? Var inte r\u00e4dd: vi har en lista med allt du beh\u00f6ver veta om hur du b\u00e4st intervjuar en barnvakt!\",\"breadcrumb\":{\"@id\":\"https:\/\/yoopies.se\/c\/barnvakt-nanny-dagbarnvardare-ultimata-guiden\/hur-man-intervjuar-en-barnvakt\/#breadcrumb\"},\"inLanguage\":\"sv-SE\",\"potentialAction\":[{\"@type\":\"ReadAction\",\"target\":[\"https:\/\/yoopies.se\/c\/barnvakt-nanny-dagbarnvardare-ultimata-guiden\/hur-man-intervjuar-en-barnvakt\/\"]}]},{\"@type\":\"ImageObject\",\"inLanguage\":\"sv-SE\",\"@id\":\"https:\/\/yoopies.se\/c\/barnvakt-nanny-dagbarnvardare-ultimata-guiden\/hur-man-intervjuar-en-barnvakt\/#primaryimage\",\"url\":\"https:\/\/yoopies.se\/c\/wp-content\/uploads\/sites\/16\/2022\/03\/f386fa75-938a-4528-82e8-86b6da8adcc0-untitleddesign28229-1.jpg\",\"contentUrl\":\"https:\/\/yoopies.se\/c\/wp-content\/uploads\/sites\/16\/2022\/03\/f386fa75-938a-4528-82e8-86b6da8adcc0-untitleddesign28229-1.jpg\",\"width\":1200,\"height\":800},{\"@type\":\"BreadcrumbList\",\"@id\":\"https:\/\/yoopies.se\/c\/barnvakt-nanny-dagbarnvardare-ultimata-guiden\/hur-man-intervjuar-en-barnvakt\/#breadcrumb\",\"itemListElement\":[{\"@type\":\"ListItem\",\"position\":1,\"name\":\"Home\",\"item\":\"https:\/\/yoopies.se\/c\/\"},{\"@type\":\"ListItem\",\"position\":2,\"name\":\"Barnvakt, nanny eller dagbarnv\u00e5rdare &#8211; den ultimata guiden\",\"item\":\"https:\/\/yoopies.se\/c\/barnvakt-nanny-dagbarnvardare-ultimata-guiden\/\"},{\"@type\":\"ListItem\",\"position\":3,\"name\":\"Hur f\u00f6rbereder jag mig inf\u00f6r en intervju med en barnvakt?\"}]},{\"@type\":\"WebSite\",\"@id\":\"https:\/\/yoopies.se\/c\/#website\",\"url\":\"https:\/\/yoopies.se\/c\/\",\"name\":\"Yoopies Sverige\",\"description\":\"\",\"potentialAction\":[{\"@type\":\"SearchAction\",\"target\":{\"@type\":\"EntryPoint\",\"urlTemplate\":\"https:\/\/yoopies.se\/c\/?s={search_term_string}\"},\"query-input\":{\"@type\":\"PropertyValueSpecification\",\"valueRequired\":true,\"valueName\":\"search_term_string\"}}],\"inLanguage\":\"sv-SE\"}]}<\/script>\n<!-- \/ Yoast SEO plugin. -->","yoast_head_json":{"title":"Hur man intervjuar en barnvakt: Fr\u00e5gor och tips","description":"Undrar du vilka fr\u00e5gor du ska st\u00e4lla n\u00e4r du intervjuar en barnvakt? Var inte r\u00e4dd: vi har en lista med allt du beh\u00f6ver veta om hur du b\u00e4st intervjuar en barnvakt!","robots":{"index":"index","follow":"follow","max-snippet":"max-snippet:-1","max-image-preview":"max-image-preview:large","max-video-preview":"max-video-preview:-1"},"canonical":"https:\/\/yoopies.se\/c\/barnvakt-nanny-dagbarnvardare-ultimata-guiden\/hur-man-intervjuar-en-barnvakt\/","og_locale":"sv_SE","og_type":"article","og_title":"Hur man intervjuar en barnvakt: Fr\u00e5gor och tips","og_description":"Undrar du vilka fr\u00e5gor du ska st\u00e4lla n\u00e4r du intervjuar en barnvakt? Var inte r\u00e4dd: vi har en lista med allt du beh\u00f6ver veta om hur du b\u00e4st intervjuar en barnvakt!","og_url":"https:\/\/yoopies.se\/c\/barnvakt-nanny-dagbarnvardare-ultimata-guiden\/hur-man-intervjuar-en-barnvakt\/","og_site_name":"Yoopies Sverige","article_modified_time":"2025-06-12T08:39:12+00:00","og_image":[{"width":1200,"height":800,"url":"https:\/\/yoopies.se\/c\/wp-content\/uploads\/sites\/16\/2022\/03\/f386fa75-938a-4528-82e8-86b6da8adcc0-untitleddesign28229-1.jpg","type":"image\/jpeg"}],"twitter_card":"summary_large_image","twitter_misc":{"Ber\u00e4knad l\u00e4stid":"9 minuter"},"schema":{"@context":"https:\/\/schema.org","@graph":[{"@type":"WebPage","@id":"https:\/\/yoopies.se\/c\/barnvakt-nanny-dagbarnvardare-ultimata-guiden\/hur-man-intervjuar-en-barnvakt\/","url":"https:\/\/yoopies.se\/c\/barnvakt-nanny-dagbarnvardare-ultimata-guiden\/hur-man-intervjuar-en-barnvakt\/","name":"Hur man intervjuar en barnvakt: Fr\u00e5gor och tips","isPartOf":{"@id":"https:\/\/yoopies.se\/c\/#website"},"primaryImageOfPage":{"@id":"https:\/\/yoopies.se\/c\/barnvakt-nanny-dagbarnvardare-ultimata-guiden\/hur-man-intervjuar-en-barnvakt\/#primaryimage"},"image":{"@id":"https:\/\/yoopies.se\/c\/barnvakt-nanny-dagbarnvardare-ultimata-guiden\/hur-man-intervjuar-en-barnvakt\/#primaryimage"},"thumbnailUrl":"https:\/\/yoopies.se\/c\/wp-content\/uploads\/sites\/16\/2022\/03\/f386fa75-938a-4528-82e8-86b6da8adcc0-untitleddesign28229-1.jpg","datePublished":"2022-03-22T15:05:09+00:00","dateModified":"2025-06-12T08:39:12+00:00","description":"Undrar du vilka fr\u00e5gor du ska st\u00e4lla n\u00e4r du intervjuar en barnvakt? Var inte r\u00e4dd: vi har en lista med allt du beh\u00f6ver veta om hur du b\u00e4st intervjuar en barnvakt!","breadcrumb":{"@id":"https:\/\/yoopies.se\/c\/barnvakt-nanny-dagbarnvardare-ultimata-guiden\/hur-man-intervjuar-en-barnvakt\/#breadcrumb"},"inLanguage":"sv-SE","potentialAction":[{"@type":"ReadAction","target":["https:\/\/yoopies.se\/c\/barnvakt-nanny-dagbarnvardare-ultimata-guiden\/hur-man-intervjuar-en-barnvakt\/"]}]},{"@type":"ImageObject","inLanguage":"sv-SE","@id":"https:\/\/yoopies.se\/c\/barnvakt-nanny-dagbarnvardare-ultimata-guiden\/hur-man-intervjuar-en-barnvakt\/#primaryimage","url":"https:\/\/yoopies.se\/c\/wp-content\/uploads\/sites\/16\/2022\/03\/f386fa75-938a-4528-82e8-86b6da8adcc0-untitleddesign28229-1.jpg","contentUrl":"https:\/\/yoopies.se\/c\/wp-content\/uploads\/sites\/16\/2022\/03\/f386fa75-938a-4528-82e8-86b6da8adcc0-untitleddesign28229-1.jpg","width":1200,"height":800},{"@type":"BreadcrumbList","@id":"https:\/\/yoopies.se\/c\/barnvakt-nanny-dagbarnvardare-ultimata-guiden\/hur-man-intervjuar-en-barnvakt\/#breadcrumb","itemListElement":[{"@type":"ListItem","position":1,"name":"Home","item":"https:\/\/yoopies.se\/c\/"},{"@type":"ListItem","position":2,"name":"Barnvakt, nanny eller dagbarnv\u00e5rdare &#8211; den ultimata guiden","item":"https:\/\/yoopies.se\/c\/barnvakt-nanny-dagbarnvardare-ultimata-guiden\/"},{"@type":"ListItem","position":3,"name":"Hur f\u00f6rbereder jag mig inf\u00f6r en intervju med en barnvakt?"}]},{"@type":"WebSite","@id":"https:\/\/yoopies.se\/c\/#website","url":"https:\/\/yoopies.se\/c\/","name":"Yoopies Sverige","description":"","potentialAction":[{"@type":"SearchAction","target":{"@type":"EntryPoint","urlTemplate":"https:\/\/yoopies.se\/c\/?s={search_term_string}"},"query-input":{"@type":"PropertyValueSpecification","valueRequired":true,"valueName":"search_term_string"}}],"inLanguage":"sv-SE"}]}},"_links":{"self":[{"href":"https:\/\/yoopies.se\/c\/wp-json\/wp\/v2\/pages\/79","targetHints":{"allow":["GET"]}}],"collection":[{"href":"https:\/\/yoopies.se\/c\/wp-json\/wp\/v2\/pages"}],"about":[{"href":"https:\/\/yoopies.se\/c\/wp-json\/wp\/v2\/types\/page"}],"author":[{"embeddable":true,"href":"https:\/\/yoopies.se\/c\/wp-json\/wp\/v2\/users\/10"}],"replies":[{"embeddable":true,"href":"https:\/\/yoopies.se\/c\/wp-json\/wp\/v2\/comments?post=79"}],"version-history":[{"count":1,"href":"https:\/\/yoopies.se\/c\/wp-json\/wp\/v2\/pages\/79\/revisions"}],"predecessor-version":[{"id":83,"href":"https:\/\/yoopies.se\/c\/wp-json\/wp\/v2\/pages\/79\/revisions\/83"}],"up":[{"embeddable":true,"href":"https:\/\/yoopies.se\/c\/wp-json\/wp\/v2\/pages\/32"}],"wp:featuredmedia":[{"embeddable":true,"href":"https:\/\/yoopies.se\/c\/wp-json\/wp\/v2\/media\/82"}],"wp:attachment":[{"href":"https:\/\/yoopies.se\/c\/wp-json\/wp\/v2\/media?parent=79"}],"curies":[{"name":"wp","href":"https:\/\/api.w.org\/{rel}","templated":true}]}}