{"id":7,"date":"2022-08-19T12:23:20","date_gmt":"2022-08-19T12:23:20","guid":{"rendered":"https:\/\/blog.yoopies.se\/genomsnittliga-loner-barnvakter-nannies\/"},"modified":"2025-06-12T08:39:12","modified_gmt":"2025-06-12T08:39:12","slug":"genomsnittliga-loner-barnvakter-nannies","status":"publish","type":"page","link":"https:\/\/yoopies.se\/c\/genomsnittliga-loner-barnvakter-nannies\/","title":{"rendered":"Genomsnittliga l\u00f6ner f\u00f6r barnvakter och nannies"},"content":{"rendered":"<p><p>Det &auml;r ingen hemlighet att barnomsorg kan vara <strong>en stor kostnad<\/strong> f&ouml;r en familj och att hitta r&auml;tt barnomsorgsl&ouml;sning f&ouml;r din situation beror ofta p&aring; kostnaden f&ouml;r tj&auml;nsten lika mycket som n&aring;gon annan faktor. F&ouml;r vissa f&ouml;r&auml;ldrar kan det verkligen g&ouml;ra hela skillnaden att hitta en prisv&auml;rd och p&aring;litlig barnomsorgsleverant&ouml;r, eftersom det kan avg&ouml;ra om det &auml;r v&auml;rt de ekonomiska uppoffringarna att &aring;terg&aring; till arbetet eller inte.<\/p>\n<\/p>\n<figure><img decoding=\"async\" src=\"https:\/\/yoopies.se\/c\/wp-content\/uploads\/sites\/16\/2022\/08\/afcf3b13-3ef9-4b73-bb38-396ed85fcd49-baca091e-f601-475e-858b-647ea7ed014b-sans2btitre28129.jpg\" \/><\/figure>\n<p><h3><strong>Vad &auml;r den genomsnittliga kostanden f&ouml;r barnpassning i Sverige?<\/strong><\/h3>\n<\/p>\n<p>Genomsnittsl&ouml;nen f&ouml;r barnvakter i Sverige varierar mellan svenska st&auml;der. I storst&auml;der s&aring;som Stockholm, G&ouml;teborg eller Malm&ouml; &auml;r l&ouml;nen h&ouml;gre &auml;n i mindre st&auml;der s&aring;som V&auml;ster&aring;s eller Link&ouml;ping. Den genomsnittliga barnvaktsl&ouml;nen i Sverige var <a href=\"https:\/\/www.babysits.se\/communityteman\/340\/timl%C3%B6n-f%C3%B6r-barnvakt-i-sverige-2021\/\">101,99 kr i timmen<\/a> &aring;r 2021. <\/p>\n<p>I Sverige finns det <strong>ingen etablerad minimil&ouml;n f&ouml;r barnvakter.<\/strong> L&ouml;ner brukar regleras av fackf&ouml;rbund &#8211; s&aring; f&ouml;r att hitta en rimlig niv&aring; &auml;r ett tips att kolla vad fackf&ouml;rbunden rekommenderar. Fackf&ouml;rbundens rekommendationer f&ouml;r en l&ouml;n brukar <strong>b&ouml;rja kring 80 kr i timmen<\/strong>, och varierar sedan beroende p&aring; ett antal faktorer.<\/p>\n<\/p>\n<h3><strong>Vad avg&ouml;r den genomsnittliga kostnaden f&ouml;r barnomsorg?<\/strong><\/h3>\n<\/p>\n<p>Kostnaden f&ouml;r barnomsorg beror p&aring; ett antal faktorer, bland annat vilken typ av barnomsorg det g&auml;ller, var du bor, hur gammalt ditt barn &auml;r, hur m&aring;nga barn du ber barnvakten att ta hand om, hur m&aring;nga timmar barnomsorgen omfattar med mera.<\/p>\n<p>V&aring;ra ultimata informationsguider kan hj&auml;lpa dig att avg&ouml;ra vilken typ av barnomsorg som passar din familj b&auml;st, s&aring; uppt&auml;ck de fullst&auml;ndiga rollerna f&ouml;r en barnsk&ouml;tare, barnflicka eller barnvakt i v&aring;ra hj&auml;lpsamma <a href=\"https:\/\/yoopies.se\/c\/barnvakt-nanny-dagbarnvardare-ultimata-guiden\">guider<\/a>.<\/p>\n<\/p>\n<h3><strong>Vilka faktorer p&aring;verkar l&ouml;nen?<\/strong><\/h3>\n<\/p>\n<p>Faktorer som bidrar till en h&ouml;re timl&ouml;n kan bero p&aring; arbetsuppgifterna, barnvaktens &aring;lder och tidigare erfarenhet. Andra faktorer som kan p&aring;verka l&ouml;nen &auml;r:<\/p>\n<ul>\n<li>Matlagning<\/li>\n<li>Passning av husdjur <\/li>\n<li>Tidigare erfarenhet eller utbildning inom barnomsorg<\/li>\n<li>F&ouml;rsta hj&auml;lpen certifikat<\/li>\n<li>H&auml;mtning och l&auml;mning p&aring; skola eller f&ouml;rskola<\/li>\n<li>Passning av flera barn <\/li>\n<li>Obekv&auml;ma arbetstider <\/li>\n<li>Utf&ouml;rande av hush&aring;llssysslor<\/li>\n<\/ul>\n<h3><strong>Att hitta barnomsorg till b&auml;sta pris<\/strong><\/h3>\n<\/p>\n<p>Det finns m&aring;nga olika s&auml;tt att hitta barnomsorg, fr&aring;n de traditionella metoderna som till exempel ett muntlig kontakt eller att betala en barnomsorgsbyr&aring;, till det mer moderna s&auml;ttet att s&ouml;ka efter en barnomsorgsleverant&ouml;r via en onlineplattform.<\/p>\n<p>Det finns f&ouml;r- och nackdelar med varje alternativ, till exempel garanterar byr&aring;er en h&ouml;gkvalitativ och p&aring;litlig tj&auml;nst, men till ett h&ouml;gre pris &auml;n andra l&ouml;sningar. I dag f&ouml;redrar m&aring;nga att anv&auml;nda <strong>onlineplattformar<\/strong> eftersom de kan bidra till att <strong>erbjuda den tillf&ouml;rlitlighet och det skydd som en byr&aring; erbjuder,<\/strong> men <strong>till ett mycket l&auml;gre pris<\/strong>. P&aring; <a href=\"https:\/\/yoopies.se\">Yoopies<\/a> kan v&aring;ra s&ouml;kande till exempel fritt fastst&auml;lla sina egna priser och vi tar aldrig provision fr&aring;n v&aring;ra barnomsorgsleverant&ouml;rer, vilket g&ouml;r det m&ouml;jligt f&ouml;r dem att f&ouml;rbli s&aring; konkurrenskraftiga som m&ouml;jligt i sin priss&auml;ttning.<\/p>\n<p>Om du vill ha fler r&aring;d om hur du hittar bra barnomsorg kan du l&auml;sa v&aring;r artikel om att <a href=\"https:\/\/yoopies.se\/c\/barnvakt-nanny-dagbarnvardare-ultimata-guiden\">hitta en bra barnvakt h&auml;r!<\/a><\/p>\n<\/p>\n<p><a class=\"button\" href=\"https:\/\/yoopies.se\/barnpassning\">Hitta en p\u00e5litlig och erfaren barnvakt med Yoopies!<\/a><\/p>\n","protected":false},"excerpt":{"rendered":"<p>Det &auml;r ingen hemlighet att barnomsorg kan vara en stor kostnad f&ouml;r en familj och &hellip; <\/p>\n","protected":false},"author":10,"featured_media":9,"parent":0,"menu_order":0,"comment_status":"closed","ping_status":"closed","template":"","meta":{"_acf_changed":false,"footnotes":""},"class_list":["post-7","page","type-page","status-publish","has-post-thumbnail","hentry"],"acf":[],"yoast_head":"<!-- This site is optimized with the Yoast SEO plugin v26.9 - https:\/\/yoast.com\/product\/yoast-seo-wordpress\/ -->\n<title>Genomsnittliga l\u00f6ner f\u00f6r barnvakter och nannies<\/title>\n<meta name=\"description\" content=\"Vad \u00e4r den genomsnittliga kostnaden f\u00f6r barnpassning? Hur best\u00e4mmer du vad barnvaktspriset ska vara? Vilka faktorer p\u00e5verkar l\u00f6nen? Hitta alla svar h\u00e4r!\" \/>\n<meta name=\"robots\" content=\"index, follow, max-snippet:-1, max-image-preview:large, max-video-preview:-1\" \/>\n<link rel=\"canonical\" href=\"https:\/\/yoopies.se\/c\/genomsnittliga-loner-barnvakter-nannies\/\" \/>\n<meta property=\"og:locale\" content=\"sv_SE\" \/>\n<meta property=\"og:type\" content=\"article\" \/>\n<meta property=\"og:title\" content=\"Genomsnittliga l\u00f6ner f\u00f6r barnvakter och nannies\" \/>\n<meta property=\"og:description\" content=\"Vad \u00e4r den genomsnittliga kostnaden f\u00f6r barnpassning? Hur best\u00e4mmer du vad barnvaktspriset ska vara? Vilka faktorer p\u00e5verkar l\u00f6nen? Hitta alla svar h\u00e4r!\" \/>\n<meta property=\"og:url\" content=\"https:\/\/yoopies.se\/c\/genomsnittliga-loner-barnvakter-nannies\/\" \/>\n<meta property=\"og:site_name\" content=\"Yoopies Sverige\" \/>\n<meta property=\"article:modified_time\" content=\"2025-06-12T08:39:12+00:00\" \/>\n<meta property=\"og:image\" content=\"https:\/\/yoopies.se\/c\/wp-content\/uploads\/sites\/16\/2022\/08\/cacd39f0-3c63-478f-957f-c3871dad4e62-812d33008ee971d9719cbb185cfeddd948ac378c-bigstock-kids-or-children-and-mother-pl-80138315-128129.jpg\" \/>\n\t<meta property=\"og:image:width\" content=\"1200\" \/>\n\t<meta property=\"og:image:height\" content=\"800\" \/>\n\t<meta property=\"og:image:type\" content=\"image\/jpeg\" \/>\n<meta name=\"twitter:card\" content=\"summary_large_image\" \/>\n<meta name=\"twitter:label1\" content=\"Ber\u00e4knad l\u00e4stid\" \/>\n\t<meta name=\"twitter:data1\" content=\"3 minuter\" \/>\n<script type=\"application\/ld+json\" class=\"yoast-schema-graph\">{\"@context\":\"https:\/\/schema.org\",\"@graph\":[{\"@type\":\"WebPage\",\"@id\":\"https:\/\/yoopies.se\/c\/genomsnittliga-loner-barnvakter-nannies\/\",\"url\":\"https:\/\/yoopies.se\/c\/genomsnittliga-loner-barnvakter-nannies\/\",\"name\":\"Genomsnittliga l\u00f6ner f\u00f6r barnvakter och nannies\",\"isPartOf\":{\"@id\":\"https:\/\/yoopies.se\/c\/#website\"},\"primaryImageOfPage\":{\"@id\":\"https:\/\/yoopies.se\/c\/genomsnittliga-loner-barnvakter-nannies\/#primaryimage\"},\"image\":{\"@id\":\"https:\/\/yoopies.se\/c\/genomsnittliga-loner-barnvakter-nannies\/#primaryimage\"},\"thumbnailUrl\":\"https:\/\/yoopies.se\/c\/wp-content\/uploads\/sites\/16\/2022\/08\/cacd39f0-3c63-478f-957f-c3871dad4e62-812d33008ee971d9719cbb185cfeddd948ac378c-bigstock-kids-or-children-and-mother-pl-80138315-128129.jpg\",\"datePublished\":\"2022-08-19T12:23:20+00:00\",\"dateModified\":\"2025-06-12T08:39:12+00:00\",\"description\":\"Vad \u00e4r den genomsnittliga kostnaden f\u00f6r barnpassning? Hur best\u00e4mmer du vad barnvaktspriset ska vara? Vilka faktorer p\u00e5verkar l\u00f6nen? Hitta alla svar h\u00e4r!\",\"breadcrumb\":{\"@id\":\"https:\/\/yoopies.se\/c\/genomsnittliga-loner-barnvakter-nannies\/#breadcrumb\"},\"inLanguage\":\"sv-SE\",\"potentialAction\":[{\"@type\":\"ReadAction\",\"target\":[\"https:\/\/yoopies.se\/c\/genomsnittliga-loner-barnvakter-nannies\/\"]}]},{\"@type\":\"ImageObject\",\"inLanguage\":\"sv-SE\",\"@id\":\"https:\/\/yoopies.se\/c\/genomsnittliga-loner-barnvakter-nannies\/#primaryimage\",\"url\":\"https:\/\/yoopies.se\/c\/wp-content\/uploads\/sites\/16\/2022\/08\/cacd39f0-3c63-478f-957f-c3871dad4e62-812d33008ee971d9719cbb185cfeddd948ac378c-bigstock-kids-or-children-and-mother-pl-80138315-128129.jpg\",\"contentUrl\":\"https:\/\/yoopies.se\/c\/wp-content\/uploads\/sites\/16\/2022\/08\/cacd39f0-3c63-478f-957f-c3871dad4e62-812d33008ee971d9719cbb185cfeddd948ac378c-bigstock-kids-or-children-and-mother-pl-80138315-128129.jpg\",\"width\":1200,\"height\":800},{\"@type\":\"BreadcrumbList\",\"@id\":\"https:\/\/yoopies.se\/c\/genomsnittliga-loner-barnvakter-nannies\/#breadcrumb\",\"itemListElement\":[{\"@type\":\"ListItem\",\"position\":1,\"name\":\"Home\",\"item\":\"https:\/\/yoopies.se\/c\/\"},{\"@type\":\"ListItem\",\"position\":2,\"name\":\"Genomsnittliga l\u00f6ner f\u00f6r barnvakter och nannies\"}]},{\"@type\":\"WebSite\",\"@id\":\"https:\/\/yoopies.se\/c\/#website\",\"url\":\"https:\/\/yoopies.se\/c\/\",\"name\":\"Yoopies Sverige\",\"description\":\"\",\"potentialAction\":[{\"@type\":\"SearchAction\",\"target\":{\"@type\":\"EntryPoint\",\"urlTemplate\":\"https:\/\/yoopies.se\/c\/?s={search_term_string}\"},\"query-input\":{\"@type\":\"PropertyValueSpecification\",\"valueRequired\":true,\"valueName\":\"search_term_string\"}}],\"inLanguage\":\"sv-SE\"}]}<\/script>\n<!-- \/ Yoast SEO plugin. -->","yoast_head_json":{"title":"Genomsnittliga l\u00f6ner f\u00f6r barnvakter och nannies","description":"Vad \u00e4r den genomsnittliga kostnaden f\u00f6r barnpassning? Hur best\u00e4mmer du vad barnvaktspriset ska vara? Vilka faktorer p\u00e5verkar l\u00f6nen? Hitta alla svar h\u00e4r!","robots":{"index":"index","follow":"follow","max-snippet":"max-snippet:-1","max-image-preview":"max-image-preview:large","max-video-preview":"max-video-preview:-1"},"canonical":"https:\/\/yoopies.se\/c\/genomsnittliga-loner-barnvakter-nannies\/","og_locale":"sv_SE","og_type":"article","og_title":"Genomsnittliga l\u00f6ner f\u00f6r barnvakter och nannies","og_description":"Vad \u00e4r den genomsnittliga kostnaden f\u00f6r barnpassning? Hur best\u00e4mmer du vad barnvaktspriset ska vara? Vilka faktorer p\u00e5verkar l\u00f6nen? Hitta alla svar h\u00e4r!","og_url":"https:\/\/yoopies.se\/c\/genomsnittliga-loner-barnvakter-nannies\/","og_site_name":"Yoopies Sverige","article_modified_time":"2025-06-12T08:39:12+00:00","og_image":[{"width":1200,"height":800,"url":"https:\/\/yoopies.se\/c\/wp-content\/uploads\/sites\/16\/2022\/08\/cacd39f0-3c63-478f-957f-c3871dad4e62-812d33008ee971d9719cbb185cfeddd948ac378c-bigstock-kids-or-children-and-mother-pl-80138315-128129.jpg","type":"image\/jpeg"}],"twitter_card":"summary_large_image","twitter_misc":{"Ber\u00e4knad l\u00e4stid":"3 minuter"},"schema":{"@context":"https:\/\/schema.org","@graph":[{"@type":"WebPage","@id":"https:\/\/yoopies.se\/c\/genomsnittliga-loner-barnvakter-nannies\/","url":"https:\/\/yoopies.se\/c\/genomsnittliga-loner-barnvakter-nannies\/","name":"Genomsnittliga l\u00f6ner f\u00f6r barnvakter och nannies","isPartOf":{"@id":"https:\/\/yoopies.se\/c\/#website"},"primaryImageOfPage":{"@id":"https:\/\/yoopies.se\/c\/genomsnittliga-loner-barnvakter-nannies\/#primaryimage"},"image":{"@id":"https:\/\/yoopies.se\/c\/genomsnittliga-loner-barnvakter-nannies\/#primaryimage"},"thumbnailUrl":"https:\/\/yoopies.se\/c\/wp-content\/uploads\/sites\/16\/2022\/08\/cacd39f0-3c63-478f-957f-c3871dad4e62-812d33008ee971d9719cbb185cfeddd948ac378c-bigstock-kids-or-children-and-mother-pl-80138315-128129.jpg","datePublished":"2022-08-19T12:23:20+00:00","dateModified":"2025-06-12T08:39:12+00:00","description":"Vad \u00e4r den genomsnittliga kostnaden f\u00f6r barnpassning? Hur best\u00e4mmer du vad barnvaktspriset ska vara? Vilka faktorer p\u00e5verkar l\u00f6nen? Hitta alla svar h\u00e4r!","breadcrumb":{"@id":"https:\/\/yoopies.se\/c\/genomsnittliga-loner-barnvakter-nannies\/#breadcrumb"},"inLanguage":"sv-SE","potentialAction":[{"@type":"ReadAction","target":["https:\/\/yoopies.se\/c\/genomsnittliga-loner-barnvakter-nannies\/"]}]},{"@type":"ImageObject","inLanguage":"sv-SE","@id":"https:\/\/yoopies.se\/c\/genomsnittliga-loner-barnvakter-nannies\/#primaryimage","url":"https:\/\/yoopies.se\/c\/wp-content\/uploads\/sites\/16\/2022\/08\/cacd39f0-3c63-478f-957f-c3871dad4e62-812d33008ee971d9719cbb185cfeddd948ac378c-bigstock-kids-or-children-and-mother-pl-80138315-128129.jpg","contentUrl":"https:\/\/yoopies.se\/c\/wp-content\/uploads\/sites\/16\/2022\/08\/cacd39f0-3c63-478f-957f-c3871dad4e62-812d33008ee971d9719cbb185cfeddd948ac378c-bigstock-kids-or-children-and-mother-pl-80138315-128129.jpg","width":1200,"height":800},{"@type":"BreadcrumbList","@id":"https:\/\/yoopies.se\/c\/genomsnittliga-loner-barnvakter-nannies\/#breadcrumb","itemListElement":[{"@type":"ListItem","position":1,"name":"Home","item":"https:\/\/yoopies.se\/c\/"},{"@type":"ListItem","position":2,"name":"Genomsnittliga l\u00f6ner f\u00f6r barnvakter och nannies"}]},{"@type":"WebSite","@id":"https:\/\/yoopies.se\/c\/#website","url":"https:\/\/yoopies.se\/c\/","name":"Yoopies Sverige","description":"","potentialAction":[{"@type":"SearchAction","target":{"@type":"EntryPoint","urlTemplate":"https:\/\/yoopies.se\/c\/?s={search_term_string}"},"query-input":{"@type":"PropertyValueSpecification","valueRequired":true,"valueName":"search_term_string"}}],"inLanguage":"sv-SE"}]}},"_links":{"self":[{"href":"https:\/\/yoopies.se\/c\/wp-json\/wp\/v2\/pages\/7","targetHints":{"allow":["GET"]}}],"collection":[{"href":"https:\/\/yoopies.se\/c\/wp-json\/wp\/v2\/pages"}],"about":[{"href":"https:\/\/yoopies.se\/c\/wp-json\/wp\/v2\/types\/page"}],"author":[{"embeddable":true,"href":"https:\/\/yoopies.se\/c\/wp-json\/wp\/v2\/users\/10"}],"replies":[{"embeddable":true,"href":"https:\/\/yoopies.se\/c\/wp-json\/wp\/v2\/comments?post=7"}],"version-history":[{"count":1,"href":"https:\/\/yoopies.se\/c\/wp-json\/wp\/v2\/pages\/7\/revisions"}],"predecessor-version":[{"id":10,"href":"https:\/\/yoopies.se\/c\/wp-json\/wp\/v2\/pages\/7\/revisions\/10"}],"wp:featuredmedia":[{"embeddable":true,"href":"https:\/\/yoopies.se\/c\/wp-json\/wp\/v2\/media\/9"}],"wp:attachment":[{"href":"https:\/\/yoopies.se\/c\/wp-json\/wp\/v2\/media?parent=7"}],"curies":[{"name":"wp","href":"https:\/\/api.w.org\/{rel}","templated":true}]}}