{"id":68,"date":"2022-01-27T14:46:18","date_gmt":"2022-01-27T14:46:18","guid":{"rendered":"https:\/\/blog.yoopies.se\/laxhjalp-hitta-den-perfekta-privatlararen-med-yoopies\/"},"modified":"2025-06-12T08:39:12","modified_gmt":"2025-06-12T08:39:12","slug":"laxhjalp-hitta-den-perfekta-privatlararen-med-yoopies","status":"publish","type":"page","link":"https:\/\/yoopies.se\/c\/laxhjalp-hitta-den-perfekta-privatlararen-med-yoopies\/","title":{"rendered":"L\u00e4xhj\u00e4lp &#8211; hitta den perfekta privatl\u00e4raren med Yoopies!"},"content":{"rendered":"<p><p>Det senaste &aring;ret har varit minst sagt st&ouml;rt och ovanligt f&ouml;r utbildningsv&auml;rlden, med skolnedl&auml;ggningar som blivit vardagsmat och vardagsrummet som klassrum f&ouml;r barn &ouml;ver hela landet. L&auml;rare och f&ouml;r&auml;ldrar har gjort hemundervisningen lika akademiskt berikande och givande som en normal skolg&aring;ng, men det &auml;r ingen hemlighet att m&aring;nga m&auml;nniskor har haft sv&aring;rt att hantera denna f&ouml;r&auml;ndring utan motstycke.<\/p>\n<p>Som ett resultat av detta kan vissa barn <strong>hamna p&aring; efterk&auml;lken i f&ouml;rh&aring;llande till den vanliga inl&auml;rningsstandarden.<\/strong> Det har d&auml;rf&ouml;r blivit <strong>viktigare &auml;n n&aring;gonsin<\/strong> tidigare att hj&auml;lpa barnen att h&aring;lla j&auml;mna steg med sin utbildning.<\/p>\n<p class=\"block-img\"><img decoding=\"async\" src=\"https:\/\/yoopies.se\/c\/wp-content\/uploads\/sites\/16\/2022\/01\/2f887c42-c561-44a2-a713-38183139c113_pexels-andrea-piacquadio-37699812812928129.jpg\" alt=\"\"><\/p>\n<h2><strong>Contents:<\/strong><\/h2>\n<ul>\n<li><a href=\"https:\/\/#h2-2\">Varf&ouml;r ska jag skaffa l&auml;xhj&auml;lp till mitt barn?<\/a><\/li>\n<li><a href=\"https:\/\/#h2-3\">Vilka &auml;mnen erbjuder Yoopies l&auml;xhj&auml;lp och privatundervisning i?<\/a><\/li>\n<li><a href=\"https:\/\/#h2-4\">V&auml;lj att f&aring; lektioner online eller i person!<\/a><\/li>\n<li><a href=\"https:\/\/#h2-5\">Vad kostar en privatlektion?<\/a><\/li>\n<li><a href=\"https:\/\/#h2-6\">Hitta r&auml;tt l&auml;rare just f&ouml;r er<\/a><\/li>\n<\/ul>\n<h2><strong>Varf&ouml;r ska jag skaffa l&auml;xhj&auml;lp till mitt barn?<\/strong><\/h2>\n<\/p>\n<p>L&auml;xhj&auml;lp kan vara den perfekta l&ouml;sningen f&ouml;r att f&ouml;rb&auml;ttra m&aring;nga barns utbildning eftersom det finns s&aring; m&aring;nga f&ouml;rdelar med att anlita en privatl&auml;rare. N&aring;gra av de otroliga f&ouml;rdelar som en privatl&auml;rare kan erbjuda j&auml;mf&ouml;rt med en l&auml;rare i klassrummet &auml;r att privatl&auml;rare kan:<\/p>\n<ul>\n<li>De kan ge ditt barn <strong>individuell uppm&auml;rksamhet<\/strong> f&ouml;r att ta reda p&aring; vilka omr&aring;den i l&auml;randet som beh&ouml;ver st&ouml;d.<\/li>\n<li><strong>Tillbringa s&aring; mycket tid som beh&ouml;vs <\/strong>med vissa begrepp och problem tills ditt barn har full f&ouml;rst&aring;else och grepp om saken.<\/li>\n<li>Hj&auml;lpa ditt barn att bli <strong>mer<\/strong> <strong>sj&auml;lvs&auml;ker<\/strong> i klassrummet.<\/li>\n<li>Berika ditt barns inl&auml;rning genom att l&auml;ra dem material utanf&ouml;r eller <strong>ut&ouml;ver l&auml;roplanens begr&auml;nsningar.<\/strong><\/li>\n<li>St&ouml;dja ditt barn under stressiga akademiska perioder, t.ex. <strong>inf&ouml;r prov eller bed&ouml;mningar.<\/strong><\/li>\n<li>Ge ditt barn m&ouml;jlighet att <strong>l&auml;ra sig om &auml;mnen som hen &auml;r intresserad <\/strong>av utanf&ouml;r den formella skolmilj&ouml;n.<\/li>\n<\/ul>\n<p>Det finns helt klart s&aring; <strong>m&aring;nga f&ouml;rdelar <\/strong>med att ta handledningslektioner, men det &auml;r ocks&aring; viktigt att se till att ditt barn kan <a href=\"https:\/\/yoopies.co.uk\/c\/tutoring\/how-to-get-the-most-out-of-online-tutoring\">f&aring; ut det mesta av sina handledningslektioner<\/a>, s&aring; se till att du <strong>tydligt kommunicerar med handledaren<\/strong> vad du hoppas f&aring; ut av sessionerna.<\/p>\n<p class=\"block-img\"><img decoding=\"async\" src=\"https:\/\/yoopies.se\/c\/wp-content\/uploads\/sites\/16\/2022\/01\/eebd0e18-0615-4c73-afe0-d17b45ea9e5c_pexels-alena-darmel-903729628129.jpg\" alt=\"\"><\/p>\n<\/p>\n<p><h2><strong>Vilka &auml;mnen erbjuder Yoopies l&auml;xhj&auml;lp och privatundervisning i?<\/strong><\/h2>\n<\/p>\n<p>Vi vet att alla &auml;r olika och att vi alla har olika styrkor och svagheter, d&auml;rf&ouml;r kan vissa personer dra nytta av handledning inom olika akademiska omr&aring;den. Som tur &auml;r har vi p&aring; <a href=\"https:\/\/yoopies.se\/undervisning\">Yoopies<\/a> fantastiska, h&ouml;gkvalitativa och p&aring;litliga privatl&auml;rare som ger lektioner och kurser inom &ouml;ver 20 olika &auml;mnesomr&aring;den! V&aring;ra handledare t&auml;cker lektioner inom:<\/p>\n<p><strong>Spr&aring;k: <\/strong>Engelska, franska, spanska, italienska, arabiska, tyska, ryska, kinesiska, portugisiska, holl&auml;ndska, koreanska.<\/p>\n<p><strong>Musik:<\/strong> Gitarr, piano med mera<\/p>\n<p><strong>Tekniska skol&auml;mnen:<\/strong> matematik, ekonomi, fysik, kemi, biologi och datavetenskap. <\/p>\n<p><strong>Humaniora:<\/strong> Historia, geografi, filosofi<\/p>\n<p>Om du letar efter en l&auml;rare, oavsett &auml;mne, kan du l&auml;sa <a href=\"https:\/\/yoopies.co.uk\/c\/tutoring\/how-to-find-a-good-tutor\">v&aring;r informationsguide om hur du hittar den perfekta l&auml;raren.<\/a><\/p>\n<\/p>\n<h2><strong>V&auml;lj att f&aring; lektioner online eller i person!<\/strong><\/h2>\n<\/p>\n<p>N&auml;r du har best&auml;mt dig f&ouml;r vilket &auml;mne du vill ha handledning i &auml;r n&auml;sta steg att kolla upp vilka typer av handledning som finns tillg&auml;ngliga, antingen i form av lektioner p&aring; plats eller online! P&aring; grund av Covid-19-restriktioner kan online-lektioner f&ouml;r n&auml;rvarande vara den enda eller mest praktiska l&ouml;sningen, men i framtiden hoppas man att man kan &aring;terg&aring; till lektioner p&aring; plats. Eftersom det finns m&aring;nga f&ouml;rdelar med b&aring;da, s&aring; &auml;r det definitivt v&auml;rt att g&ouml;ra din forskning f&ouml;r att avg&ouml;ra <strong>vilket alternativ som &auml;r r&auml;tt f&ouml;r dig.<\/strong><\/p>\n<p class=\"block-img\"><img decoding=\"async\" src=\"https:\/\/yoopies.se\/c\/wp-content\/uploads\/sites\/16\/2022\/01\/ae2efd52-3008-4325-a30a-76f717250901_pexels-olya-kobruseva-5409046.jpg\" alt=\"\"><\/p>\n<h2><strong>Vad kostar en privatlektion?<\/strong><\/h2>\n<\/p>\n<p><strong>Kostnaden f&ouml;r handledning varierar mycket <\/strong>och har den st&ouml;rsta variationen av alla v&aring;ra tj&auml;nster av flera sk&auml;l. F&ouml;r det f&ouml;rsta kan typen av handledning orsaka prisf&ouml;r&auml;ndringar, eftersom <strong>handledning online ofta &auml;r billigare &auml;n handledning p&aring; plats<\/strong> eftersom handledaren kanske sparar resekostnader och tid. F&ouml;r det andra <strong>p&aring;verkar<\/strong> <strong>l&auml;rarens kompetensniv&aring; och erfarenhet<\/strong> i h&ouml;g grad hur mycket deras tj&auml;nster kostar, eftersom vissa av v&aring;ra l&auml;rare &auml;r mycket skickliga l&auml;rare med examen och m&aring;nga &aring;rs erfarenhet, vilket inneb&auml;r att de kan ta mer betalt per timme &auml;n v&aring;ra yngre studentl&auml;rare. Slutligen kan <strong>&aring;ldern och niv&aring;n p&aring; det barn som f&aring;r handledning p&aring;verka kostnaden<\/strong> f&ouml;r handledningslektionerna, eftersom yngre barn kanske inte beh&ouml;ver lika mycket uppm&auml;rksamhet och st&ouml;d som &auml;ldre barn som t.ex. pluggar inf&ouml;r stora prov.<\/p>\n<\/p>\n<h2><strong>Hitta r&auml;tt l&auml;rare just f&ouml;r er<\/strong><\/h2>\n<\/p>\n<p>V&aring;ra l&auml;rare &auml;r mycket <strong>professionella, p&aring;litliga och kvalificerade personer <\/strong>som erbjuder en personlig service som &auml;r skr&auml;ddarsydd f&ouml;r ditt barns behov! P&aring; <a href=\"https:\/\/yoopies.se\">Yoopies<\/a> till&aring;ter vi v&aring;ra l&auml;rare att <strong>s&auml;tta sina egna priser utan att ta provision fr&aring;n dem<\/strong>, s&aring; att de kan h&aring;lla s&aring; konkurrenskraftiga priser som m&ouml;jligt och erbjuda &ouml;verkomliga priser f&ouml;r sina tj&auml;nster. <\/p>\n<p>Du kan<strong> l&auml;sa recensioner fr&aring;n Yoopies-gemenskapen <\/strong>om v&aring;ra handledare innan du best&auml;mmer dig f&ouml;r att kontakta dem och fr&aring;ga om deras tj&auml;nster. Vi har ett stort utbud av handledare som erbjuder en m&auml;ngd olika &auml;mnen, niv&aring;er och prisklasser, s&aring; se till att du f&ouml;rst g&ouml;r din research om vilken typ av handledare du letar efter f&ouml;r att begr&auml;nsa ditt s&ouml;kande. F&ouml;r att ta reda p&aring; hur du hittar r&auml;tt l&auml;rare f&ouml;r ditt barn kan du l&auml;sa v&aring;r <a href=\"https:\/\/yoopies.co.uk\/c\/tutoring\/how-to-find-a-good-tutor\">guide.<\/a><\/p>\n<p class=\"block-img\"><img decoding=\"async\" src=\"https:\/\/yoopies.se\/c\/wp-content\/uploads\/sites\/16\/2022\/01\/08581a77-21c6-4a4f-a159-f71c736163e5_pexels-tima-miroshnichenko-5303547-min.jpg\" alt=\"\"><\/p>\n<\/p>\n<p><a class=\"button\" href=\"https:\/\/yoopies.se\/undervisning\">Hitta l\u00e4xhj\u00e4lp med Yoopies!<\/a><\/p>\n","protected":false},"excerpt":{"rendered":"<p>Det senaste &aring;ret har varit minst sagt st&ouml;rt och ovanligt f&ouml;r utbildningsv&auml;rlden, med skolnedl&auml;ggningar som &hellip; <\/p>\n","protected":false},"author":10,"featured_media":73,"parent":0,"menu_order":0,"comment_status":"closed","ping_status":"closed","template":"","meta":{"_acf_changed":false,"footnotes":""},"class_list":["post-68","page","type-page","status-publish","has-post-thumbnail","hentry"],"acf":[],"yoast_head":"<!-- This site is optimized with the Yoast SEO plugin v26.9 - https:\/\/yoast.com\/product\/yoast-seo-wordpress\/ -->\n<title>L\u00e4xhj\u00e4lp - hitta den perfekta privatl\u00e4raren med Yoopies!<\/title>\n<meta name=\"description\" content=\"Uppt\u00e4ck allt du beh\u00f6ver veta om hur du hittar r\u00e4tt l\u00e4rare eller l\u00e4xhj\u00e4lp f\u00f6r ditt barn och hur du b\u00e4st f\u00f6rbereder dig inf\u00f6r lektionerna. Unders\u00f6k hur man kommer ig\u00e5ng med handledning, ta reda p\u00e5 olika typer av handledning som finns tillg\u00e4ngliga, samt vilka \u00e4mnen som l\u00e4rs ut och hur mycket handledare kostar i genomsnitt.\" \/>\n<meta name=\"robots\" content=\"index, follow, max-snippet:-1, max-image-preview:large, max-video-preview:-1\" \/>\n<link rel=\"canonical\" href=\"https:\/\/yoopies.se\/c\/laxhjalp-hitta-den-perfekta-privatlararen-med-yoopies\/\" \/>\n<meta property=\"og:locale\" content=\"sv_SE\" \/>\n<meta property=\"og:type\" content=\"article\" \/>\n<meta property=\"og:title\" content=\"L\u00e4xhj\u00e4lp - hitta den perfekta privatl\u00e4raren med Yoopies!\" \/>\n<meta property=\"og:description\" content=\"Uppt\u00e4ck allt du beh\u00f6ver veta om hur du hittar r\u00e4tt l\u00e4rare eller l\u00e4xhj\u00e4lp f\u00f6r ditt barn och hur du b\u00e4st f\u00f6rbereder dig inf\u00f6r lektionerna. Unders\u00f6k hur man kommer ig\u00e5ng med handledning, ta reda p\u00e5 olika typer av handledning som finns tillg\u00e4ngliga, samt vilka \u00e4mnen som l\u00e4rs ut och hur mycket handledare kostar i genomsnitt.\" \/>\n<meta property=\"og:url\" content=\"https:\/\/yoopies.se\/c\/laxhjalp-hitta-den-perfekta-privatlararen-med-yoopies\/\" \/>\n<meta property=\"og:site_name\" content=\"Yoopies Sverige\" \/>\n<meta property=\"article:modified_time\" content=\"2025-06-12T08:39:12+00:00\" \/>\n<meta property=\"og:image\" content=\"https:\/\/yoopies.se\/c\/wp-content\/uploads\/sites\/16\/2022\/01\/eebd0e18-0615-4c73-afe0-d17b45ea9e5c-pexels-alena-darmel-903729628129.jpg\" \/>\n\t<meta property=\"og:image:width\" content=\"1200\" \/>\n\t<meta property=\"og:image:height\" content=\"800\" \/>\n\t<meta property=\"og:image:type\" content=\"image\/jpeg\" \/>\n<meta name=\"twitter:card\" content=\"summary_large_image\" \/>\n<meta name=\"twitter:label1\" content=\"Ber\u00e4knad l\u00e4stid\" \/>\n\t<meta name=\"twitter:data1\" content=\"6 minuter\" \/>\n<script type=\"application\/ld+json\" class=\"yoast-schema-graph\">{\"@context\":\"https:\/\/schema.org\",\"@graph\":[{\"@type\":\"WebPage\",\"@id\":\"https:\/\/yoopies.se\/c\/laxhjalp-hitta-den-perfekta-privatlararen-med-yoopies\/\",\"url\":\"https:\/\/yoopies.se\/c\/laxhjalp-hitta-den-perfekta-privatlararen-med-yoopies\/\",\"name\":\"L\u00e4xhj\u00e4lp - hitta den perfekta privatl\u00e4raren med Yoopies!\",\"isPartOf\":{\"@id\":\"https:\/\/yoopies.se\/c\/#website\"},\"primaryImageOfPage\":{\"@id\":\"https:\/\/yoopies.se\/c\/laxhjalp-hitta-den-perfekta-privatlararen-med-yoopies\/#primaryimage\"},\"image\":{\"@id\":\"https:\/\/yoopies.se\/c\/laxhjalp-hitta-den-perfekta-privatlararen-med-yoopies\/#primaryimage\"},\"thumbnailUrl\":\"https:\/\/yoopies.se\/c\/wp-content\/uploads\/sites\/16\/2022\/01\/eebd0e18-0615-4c73-afe0-d17b45ea9e5c-pexels-alena-darmel-903729628129.jpg\",\"datePublished\":\"2022-01-27T14:46:18+00:00\",\"dateModified\":\"2025-06-12T08:39:12+00:00\",\"description\":\"Uppt\u00e4ck allt du beh\u00f6ver veta om hur du hittar r\u00e4tt l\u00e4rare eller l\u00e4xhj\u00e4lp f\u00f6r ditt barn och hur du b\u00e4st f\u00f6rbereder dig inf\u00f6r lektionerna. Unders\u00f6k hur man kommer ig\u00e5ng med handledning, ta reda p\u00e5 olika typer av handledning som finns tillg\u00e4ngliga, samt vilka \u00e4mnen som l\u00e4rs ut och hur mycket handledare kostar i genomsnitt.\",\"breadcrumb\":{\"@id\":\"https:\/\/yoopies.se\/c\/laxhjalp-hitta-den-perfekta-privatlararen-med-yoopies\/#breadcrumb\"},\"inLanguage\":\"sv-SE\",\"potentialAction\":[{\"@type\":\"ReadAction\",\"target\":[\"https:\/\/yoopies.se\/c\/laxhjalp-hitta-den-perfekta-privatlararen-med-yoopies\/\"]}]},{\"@type\":\"ImageObject\",\"inLanguage\":\"sv-SE\",\"@id\":\"https:\/\/yoopies.se\/c\/laxhjalp-hitta-den-perfekta-privatlararen-med-yoopies\/#primaryimage\",\"url\":\"https:\/\/yoopies.se\/c\/wp-content\/uploads\/sites\/16\/2022\/01\/eebd0e18-0615-4c73-afe0-d17b45ea9e5c-pexels-alena-darmel-903729628129.jpg\",\"contentUrl\":\"https:\/\/yoopies.se\/c\/wp-content\/uploads\/sites\/16\/2022\/01\/eebd0e18-0615-4c73-afe0-d17b45ea9e5c-pexels-alena-darmel-903729628129.jpg\",\"width\":1200,\"height\":800},{\"@type\":\"BreadcrumbList\",\"@id\":\"https:\/\/yoopies.se\/c\/laxhjalp-hitta-den-perfekta-privatlararen-med-yoopies\/#breadcrumb\",\"itemListElement\":[{\"@type\":\"ListItem\",\"position\":1,\"name\":\"Home\",\"item\":\"https:\/\/yoopies.se\/c\/\"},{\"@type\":\"ListItem\",\"position\":2,\"name\":\"L\u00e4xhj\u00e4lp &#8211; hitta den perfekta privatl\u00e4raren med Yoopies!\"}]},{\"@type\":\"WebSite\",\"@id\":\"https:\/\/yoopies.se\/c\/#website\",\"url\":\"https:\/\/yoopies.se\/c\/\",\"name\":\"Yoopies Sverige\",\"description\":\"\",\"potentialAction\":[{\"@type\":\"SearchAction\",\"target\":{\"@type\":\"EntryPoint\",\"urlTemplate\":\"https:\/\/yoopies.se\/c\/?s={search_term_string}\"},\"query-input\":{\"@type\":\"PropertyValueSpecification\",\"valueRequired\":true,\"valueName\":\"search_term_string\"}}],\"inLanguage\":\"sv-SE\"}]}<\/script>\n<!-- \/ Yoast SEO plugin. -->","yoast_head_json":{"title":"L\u00e4xhj\u00e4lp - hitta den perfekta privatl\u00e4raren med Yoopies!","description":"Uppt\u00e4ck allt du beh\u00f6ver veta om hur du hittar r\u00e4tt l\u00e4rare eller l\u00e4xhj\u00e4lp f\u00f6r ditt barn och hur du b\u00e4st f\u00f6rbereder dig inf\u00f6r lektionerna. Unders\u00f6k hur man kommer ig\u00e5ng med handledning, ta reda p\u00e5 olika typer av handledning som finns tillg\u00e4ngliga, samt vilka \u00e4mnen som l\u00e4rs ut och hur mycket handledare kostar i genomsnitt.","robots":{"index":"index","follow":"follow","max-snippet":"max-snippet:-1","max-image-preview":"max-image-preview:large","max-video-preview":"max-video-preview:-1"},"canonical":"https:\/\/yoopies.se\/c\/laxhjalp-hitta-den-perfekta-privatlararen-med-yoopies\/","og_locale":"sv_SE","og_type":"article","og_title":"L\u00e4xhj\u00e4lp - hitta den perfekta privatl\u00e4raren med Yoopies!","og_description":"Uppt\u00e4ck allt du beh\u00f6ver veta om hur du hittar r\u00e4tt l\u00e4rare eller l\u00e4xhj\u00e4lp f\u00f6r ditt barn och hur du b\u00e4st f\u00f6rbereder dig inf\u00f6r lektionerna. Unders\u00f6k hur man kommer ig\u00e5ng med handledning, ta reda p\u00e5 olika typer av handledning som finns tillg\u00e4ngliga, samt vilka \u00e4mnen som l\u00e4rs ut och hur mycket handledare kostar i genomsnitt.","og_url":"https:\/\/yoopies.se\/c\/laxhjalp-hitta-den-perfekta-privatlararen-med-yoopies\/","og_site_name":"Yoopies Sverige","article_modified_time":"2025-06-12T08:39:12+00:00","og_image":[{"width":1200,"height":800,"url":"https:\/\/yoopies.se\/c\/wp-content\/uploads\/sites\/16\/2022\/01\/eebd0e18-0615-4c73-afe0-d17b45ea9e5c-pexels-alena-darmel-903729628129.jpg","type":"image\/jpeg"}],"twitter_card":"summary_large_image","twitter_misc":{"Ber\u00e4knad l\u00e4stid":"6 minuter"},"schema":{"@context":"https:\/\/schema.org","@graph":[{"@type":"WebPage","@id":"https:\/\/yoopies.se\/c\/laxhjalp-hitta-den-perfekta-privatlararen-med-yoopies\/","url":"https:\/\/yoopies.se\/c\/laxhjalp-hitta-den-perfekta-privatlararen-med-yoopies\/","name":"L\u00e4xhj\u00e4lp - hitta den perfekta privatl\u00e4raren med Yoopies!","isPartOf":{"@id":"https:\/\/yoopies.se\/c\/#website"},"primaryImageOfPage":{"@id":"https:\/\/yoopies.se\/c\/laxhjalp-hitta-den-perfekta-privatlararen-med-yoopies\/#primaryimage"},"image":{"@id":"https:\/\/yoopies.se\/c\/laxhjalp-hitta-den-perfekta-privatlararen-med-yoopies\/#primaryimage"},"thumbnailUrl":"https:\/\/yoopies.se\/c\/wp-content\/uploads\/sites\/16\/2022\/01\/eebd0e18-0615-4c73-afe0-d17b45ea9e5c-pexels-alena-darmel-903729628129.jpg","datePublished":"2022-01-27T14:46:18+00:00","dateModified":"2025-06-12T08:39:12+00:00","description":"Uppt\u00e4ck allt du beh\u00f6ver veta om hur du hittar r\u00e4tt l\u00e4rare eller l\u00e4xhj\u00e4lp f\u00f6r ditt barn och hur du b\u00e4st f\u00f6rbereder dig inf\u00f6r lektionerna. Unders\u00f6k hur man kommer ig\u00e5ng med handledning, ta reda p\u00e5 olika typer av handledning som finns tillg\u00e4ngliga, samt vilka \u00e4mnen som l\u00e4rs ut och hur mycket handledare kostar i genomsnitt.","breadcrumb":{"@id":"https:\/\/yoopies.se\/c\/laxhjalp-hitta-den-perfekta-privatlararen-med-yoopies\/#breadcrumb"},"inLanguage":"sv-SE","potentialAction":[{"@type":"ReadAction","target":["https:\/\/yoopies.se\/c\/laxhjalp-hitta-den-perfekta-privatlararen-med-yoopies\/"]}]},{"@type":"ImageObject","inLanguage":"sv-SE","@id":"https:\/\/yoopies.se\/c\/laxhjalp-hitta-den-perfekta-privatlararen-med-yoopies\/#primaryimage","url":"https:\/\/yoopies.se\/c\/wp-content\/uploads\/sites\/16\/2022\/01\/eebd0e18-0615-4c73-afe0-d17b45ea9e5c-pexels-alena-darmel-903729628129.jpg","contentUrl":"https:\/\/yoopies.se\/c\/wp-content\/uploads\/sites\/16\/2022\/01\/eebd0e18-0615-4c73-afe0-d17b45ea9e5c-pexels-alena-darmel-903729628129.jpg","width":1200,"height":800},{"@type":"BreadcrumbList","@id":"https:\/\/yoopies.se\/c\/laxhjalp-hitta-den-perfekta-privatlararen-med-yoopies\/#breadcrumb","itemListElement":[{"@type":"ListItem","position":1,"name":"Home","item":"https:\/\/yoopies.se\/c\/"},{"@type":"ListItem","position":2,"name":"L\u00e4xhj\u00e4lp &#8211; hitta den perfekta privatl\u00e4raren med Yoopies!"}]},{"@type":"WebSite","@id":"https:\/\/yoopies.se\/c\/#website","url":"https:\/\/yoopies.se\/c\/","name":"Yoopies Sverige","description":"","potentialAction":[{"@type":"SearchAction","target":{"@type":"EntryPoint","urlTemplate":"https:\/\/yoopies.se\/c\/?s={search_term_string}"},"query-input":{"@type":"PropertyValueSpecification","valueRequired":true,"valueName":"search_term_string"}}],"inLanguage":"sv-SE"}]}},"_links":{"self":[{"href":"https:\/\/yoopies.se\/c\/wp-json\/wp\/v2\/pages\/68","targetHints":{"allow":["GET"]}}],"collection":[{"href":"https:\/\/yoopies.se\/c\/wp-json\/wp\/v2\/pages"}],"about":[{"href":"https:\/\/yoopies.se\/c\/wp-json\/wp\/v2\/types\/page"}],"author":[{"embeddable":true,"href":"https:\/\/yoopies.se\/c\/wp-json\/wp\/v2\/users\/10"}],"replies":[{"embeddable":true,"href":"https:\/\/yoopies.se\/c\/wp-json\/wp\/v2\/comments?post=68"}],"version-history":[{"count":1,"href":"https:\/\/yoopies.se\/c\/wp-json\/wp\/v2\/pages\/68\/revisions"}],"predecessor-version":[{"id":74,"href":"https:\/\/yoopies.se\/c\/wp-json\/wp\/v2\/pages\/68\/revisions\/74"}],"wp:featuredmedia":[{"embeddable":true,"href":"https:\/\/yoopies.se\/c\/wp-json\/wp\/v2\/media\/73"}],"wp:attachment":[{"href":"https:\/\/yoopies.se\/c\/wp-json\/wp\/v2\/media?parent=68"}],"curies":[{"name":"wp","href":"https:\/\/api.w.org\/{rel}","templated":true}]}}