{"id":53,"date":"2022-03-24T10:08:27","date_gmt":"2022-03-24T10:08:27","guid":{"rendered":"https:\/\/blog.yoopies.se\/anstalla-barnvakt-privat\/"},"modified":"2025-06-12T08:39:12","modified_gmt":"2025-06-12T08:39:12","slug":"anstalla-barnvakt-privat","status":"publish","type":"page","link":"https:\/\/yoopies.se\/c\/anstalla-barnvakt-privat\/","title":{"rendered":"Anst\u00e4lla en barnvakt privat &#8211; hur g\u00f6r jag?"},"content":{"rendered":"<p><p>Som f&ouml;r&auml;lder som letar efter en barnvakt eller nanny till ditt barn st&aring;r du inf&ouml;r en <strong>mycket viktig uppgift<\/strong>: att hitta en person som uppfyller dina och ditt barns krav. Ibland kr&auml;vs det mycket t&aring;lamod f&ouml;r att ta sig igenom den labyrint av annonser som finns. <\/p>\n<p>F&ouml;r att hitta den b&auml;sta m&ouml;jliga hj&auml;lpen, oavsett om du letar efter barnvakt i Stockholm eller G&ouml;teborg, beh&ouml;ver du n&aring;gra tips f&ouml;r att g&ouml;ra processen s&aring; stressfri som m&ouml;jligt. <strong>Vi reder ut de vanligaste fr&aring;gorna<\/strong> som f&ouml;r&auml;ldrar brukar ha och hj&auml;lper dig att hitta den perfekta l&ouml;sningen f&ouml;r just dig och din familj.<\/p>\n<p class=\"block-img\"><img decoding=\"async\" src=\"https:\/\/yoopies.se\/c\/wp-content\/uploads\/sites\/16\/2022\/03\/633434f6-c871-488e-a0db-8edf1c3972aa_pexels-andrea-piacquadio-3755514-min.jpg\" alt=\"\"><\/p>\n<\/p>\n<p><h2><strong>M&aring;ste jag vara egenf&ouml;retagare f&ouml;r att anst&auml;lla en barnvakt?<\/strong><\/h2>\n<p>Nej! Du beh&ouml;ver inte vara f&ouml;retagare f&ouml;r att anst&auml;lla en barnvakt privat. M&aring;nga f&ouml;r&auml;ldrar v&auml;ljer bort den h&auml;r l&ouml;sningen eftersom de tror att de inte kan anst&auml;lla en barnvakt om de inte driver ett f&ouml;retag, men det st&auml;mmer allts&aring; inte alls. <\/p>\n<h2><strong>Vad g&auml;ller vid anst&auml;llning av en privatperson?<\/strong><\/h2>\n<h4><strong>Ers&auml;ttning under 1000 kronor<\/strong><\/h4>\n<p>Om du h&ouml;gst betalar ut 999 kronor under ett &aring;r till en privatperson beh&ouml;ver du inte g&ouml;ra skatteavdrag, betala arbetsgivaravgifter eller l&auml;mna kontrolluppgift. Det &auml;r mottagaren som ska deklarera beloppet i sin inkomstdeklaration. <strong>Om du betalar en privat barnvakt mindre &auml;n 1 000 kronor per &aring;r beh&ouml;ver du allts&aring; inte g&ouml;ra n&aring;got alls. <\/strong><\/p>\n<h4><strong>Ers&auml;ttning mellan 1 000 och 9 999 kronor<\/strong><\/h4>\n<p>Betalar du ut mer &auml;n 1&nbsp;000 kronor men mindre &auml;n 10 000&nbsp;kronor till en privatperson &auml;r grundregeln att den du anlitar sj&auml;lv ska betala sin skatt och sina avgifter (egenavgifter). Du beh&ouml;ver <strong>inte g&ouml;ra skatteavdrag eller betala arbetsgivaravgifter<\/strong>, men d&auml;remot ska du <strong>l&auml;mna en kontrolluppgift p&aring; beloppet.<\/strong>&nbsp;Kontrolluppgifter kan l&auml;mnas elektroniskt eller p&aring; papper till Skatteverket. <\/p>\n<h4><strong>Ers&auml;ttning p&aring; 10 000 kronor eller mer<\/strong><\/h4>\n<p>Om du under ett &aring;r betalar ut 10&nbsp;000&nbsp;kronor eller mer till en privatperson som har m&aring;ste du <strong>g&ouml;ra skatteavdrag och betala arbetsgivaravgifter<\/strong>. F&ouml;r att g&ouml;ra detta kan du anv&auml;nda en f&ouml;renklad arbetsgivardeklaration.<\/p>\n<p><em>L&auml;s mer om vad som g&auml;ller n&auml;r du anlitar en privatperson p&aring; <a href=\"https:\/\/www.skatteverket.se\/privat\/skatter\/arbeteochinkomst\/inkomster\/anlitaenprivatperson.4.d1afd3103d689ac2a80002439.html\">Skatteverkets hemsida.<\/a><\/em><\/p>\n<h2><strong>Ska vi uppr&auml;tta ett kontrakt?<\/strong><\/h2>\n<p>N&auml;r du har hittat den perfekta barnvakten rekommenderar vi att du uppr&auml;ttar ett avtal om barnpassning. Det &auml;r inte ett lagligt krav i Sverige att uppr&auml;tta ett avtal om barnpassning, men det kan spara dig mycket stress i framtiden. Det h&auml;nder att man inte alltid &auml;r &ouml;verens, s&aring; det &auml;r bra att ha ett avtal om barnpassning med tydliga &ouml;verenskommelser i bakfickan.<\/p>\n<h2><strong>Vad ska jag inkludera i kontraktet?<\/strong><\/h2>\n<p>F&ouml;rst och fr&auml;mst &auml;r det viktigt att <strong>inkludera timpriset i ditt barnvaktskontrakt<\/strong>, f&ouml;rvirring om penningbelopp kan leda till frustration och stress. Se till att du tar med alla &ouml;verenskomna regler om timpriset. Det &auml;r i alla fall bra att ta med f&ouml;ljande punkter om timpriset i avtalet:<\/p>\n<ul>\n<li>Betalar du barnvakten per timme, per dag eller kanske till och med per halvdag?<\/li>\n<li>Resekostnader, om du som arbetsgivare beslutar att ers&auml;tta din barnvakt f&ouml;r dessa;<\/li>\n<li>Olika r&auml;ntor (om dessa har avtalats). Om din barnvakt till exempel f&aring;r ett l&auml;gre timpris n&auml;r barnen &auml;r i s&auml;ng &auml;r det bra att notera detta i barnvaktsavtalet.<\/li>\n<li>Avgiften f&ouml;r eventuella hush&aring;llssysslor eller extra uppgifter. T&auml;nk &ouml;ver och diskutera tillsammans med er potentiella barnvakt om en extra avgift f&ouml;r att dammsuga vardagsrummet eller f&ouml;r att skjutsa barnen till deras idrottsanl&auml;ggningar &auml;r l&auml;mplig. <\/li>\n<\/ul>\n<p><em>Den h&auml;r listan &auml;r icke-utt&ouml;mmande, men en bra start n&auml;r du funderar p&aring; vad som ska ing&aring; i kontraktet med din barnvakt.<\/em><\/p>\n<h2><strong>Kan jag f&aring; avdrag f&ouml;r barnpassning?<\/strong><\/h2>\n<p><strong>Ja! <a href=\"https:\/\/www.skatteverket.se\/privat\/fastigheterochbostad\/rotarbeteochrutarbete\/gerarbetetratttillrutavdrag.106.5c1163881590be297b53de7.html\">Barnpassning omfattas av rut-avdraget<\/a><\/strong>, vilket inneb&auml;r att du endast kan beh&ouml;va betala h&auml;lften av den faktiska kostnaden. F&ouml;r att tj&auml;nsten ska klassas som en hush&aring;llsn&auml;ra tj&auml;nst kr&auml;vs det att tj&auml;nsten utf&ouml;rs i hemmet.<\/p>\n<p>Totalt kan du f&aring; <strong>50 000 kronor i rot- och rutavdrag varje &aring;r<\/strong>. N&auml;r du &ouml;verstiger den gr&auml;nsen m&aring;ste du betala fullt pris f&ouml;r barnvakten.<\/p>\n<h2><strong>Husregler<\/strong><\/h2>\n<p>Om du har n&aring;gra <strong>regler som du vill att din barnvakt ska f&ouml;lja<\/strong> ska du ta med dem i <strong>barnvaktskontraktet<\/strong>. Det kan handla om r&ouml;kf&ouml;rbud, hur l&auml;nge barnen f&aring;r anv&auml;nda sin surfplatta eller hur barnvakten ska reagera p&aring; ol&auml;mpligt spr&aring;kbruk. Slutligen &auml;r det viktigt att inkludera information om <strong>eventuella allergier <\/strong>eller<strong> mediciner<\/strong> som ska tas i kontraktet. <\/p>\n<p>Se till att ni tillsammans g&aring;r igenom kontraktet noga innan det skrivs under, s&aring; att b&aring;da parter &auml;r inf&ouml;rst&aring;dda kring vad som g&auml;ller och k&auml;nner sig bekv&auml;ma med det kontrakt skrivit. Se &auml;ven till att b&aring;de du och din barnvakt har en kopia av barnvaktskontraktet, eftersom det &auml;r bra f&ouml;r din barnvakt att kontrollera husreglerna igen om han\/hon har gl&ouml;mt n&aring;got.<\/p>\n<\/p>\n<p><a class=\"button\" href=\"https:\/\/yoopies.se\/barnpassning\">Hitta en p\u00e5litlig barnvakt nu!<\/a><\/p>\n","protected":false},"excerpt":{"rendered":"<p>Som f&ouml;r&auml;lder som letar efter en barnvakt eller nanny till ditt barn st&aring;r du inf&ouml;r &hellip; <\/p>\n","protected":false},"author":10,"featured_media":55,"parent":0,"menu_order":0,"comment_status":"closed","ping_status":"closed","template":"","meta":{"_acf_changed":false,"footnotes":""},"class_list":["post-53","page","type-page","status-publish","has-post-thumbnail","hentry"],"acf":[],"yoast_head":"<!-- This site is optimized with the Yoast SEO plugin v26.9 - https:\/\/yoast.com\/product\/yoast-seo-wordpress\/ -->\n<title>Anst\u00e4lla en barnvakt privat<\/title>\n<meta name=\"description\" content=\"Hur g\u00e5r man egentligen tillv\u00e4ga n\u00e4r man ska anst\u00e4lla en barnvakt privat? Vi reder ut de vanligaste fr\u00e5gorna f\u00f6r\u00e4ldrar brukar ha!\" \/>\n<meta name=\"robots\" content=\"index, follow, max-snippet:-1, max-image-preview:large, max-video-preview:-1\" \/>\n<link rel=\"canonical\" href=\"https:\/\/yoopies.se\/c\/anstalla-barnvakt-privat\/\" \/>\n<meta property=\"og:locale\" content=\"sv_SE\" \/>\n<meta property=\"og:type\" content=\"article\" \/>\n<meta property=\"og:title\" content=\"Anst\u00e4lla en barnvakt privat\" \/>\n<meta property=\"og:description\" content=\"Hur g\u00e5r man egentligen tillv\u00e4ga n\u00e4r man ska anst\u00e4lla en barnvakt privat? Vi reder ut de vanligaste fr\u00e5gorna f\u00f6r\u00e4ldrar brukar ha!\" \/>\n<meta property=\"og:url\" content=\"https:\/\/yoopies.se\/c\/anstalla-barnvakt-privat\/\" \/>\n<meta property=\"og:site_name\" content=\"Yoopies Sverige\" \/>\n<meta property=\"article:modified_time\" content=\"2025-06-12T08:39:12+00:00\" \/>\n<meta property=\"og:image\" content=\"https:\/\/yoopies.se\/c\/wp-content\/uploads\/sites\/16\/2022\/03\/06277569-664e-43a3-9fd0-83195457de3c-pexels-lina-kivaka-1741230-min.jpg\" \/>\n\t<meta property=\"og:image:width\" content=\"1200\" \/>\n\t<meta property=\"og:image:height\" content=\"800\" \/>\n\t<meta property=\"og:image:type\" content=\"image\/jpeg\" \/>\n<meta name=\"twitter:card\" content=\"summary_large_image\" \/>\n<meta name=\"twitter:label1\" content=\"Ber\u00e4knad l\u00e4stid\" \/>\n\t<meta name=\"twitter:data1\" content=\"5 minuter\" \/>\n<script type=\"application\/ld+json\" class=\"yoast-schema-graph\">{\"@context\":\"https:\/\/schema.org\",\"@graph\":[{\"@type\":\"WebPage\",\"@id\":\"https:\/\/yoopies.se\/c\/anstalla-barnvakt-privat\/\",\"url\":\"https:\/\/yoopies.se\/c\/anstalla-barnvakt-privat\/\",\"name\":\"Anst\u00e4lla en barnvakt privat\",\"isPartOf\":{\"@id\":\"https:\/\/yoopies.se\/c\/#website\"},\"primaryImageOfPage\":{\"@id\":\"https:\/\/yoopies.se\/c\/anstalla-barnvakt-privat\/#primaryimage\"},\"image\":{\"@id\":\"https:\/\/yoopies.se\/c\/anstalla-barnvakt-privat\/#primaryimage\"},\"thumbnailUrl\":\"https:\/\/yoopies.se\/c\/wp-content\/uploads\/sites\/16\/2022\/03\/06277569-664e-43a3-9fd0-83195457de3c-pexels-lina-kivaka-1741230-min.jpg\",\"datePublished\":\"2022-03-24T10:08:27+00:00\",\"dateModified\":\"2025-06-12T08:39:12+00:00\",\"description\":\"Hur g\u00e5r man egentligen tillv\u00e4ga n\u00e4r man ska anst\u00e4lla en barnvakt privat? Vi reder ut de vanligaste fr\u00e5gorna f\u00f6r\u00e4ldrar brukar ha!\",\"breadcrumb\":{\"@id\":\"https:\/\/yoopies.se\/c\/anstalla-barnvakt-privat\/#breadcrumb\"},\"inLanguage\":\"sv-SE\",\"potentialAction\":[{\"@type\":\"ReadAction\",\"target\":[\"https:\/\/yoopies.se\/c\/anstalla-barnvakt-privat\/\"]}]},{\"@type\":\"ImageObject\",\"inLanguage\":\"sv-SE\",\"@id\":\"https:\/\/yoopies.se\/c\/anstalla-barnvakt-privat\/#primaryimage\",\"url\":\"https:\/\/yoopies.se\/c\/wp-content\/uploads\/sites\/16\/2022\/03\/06277569-664e-43a3-9fd0-83195457de3c-pexels-lina-kivaka-1741230-min.jpg\",\"contentUrl\":\"https:\/\/yoopies.se\/c\/wp-content\/uploads\/sites\/16\/2022\/03\/06277569-664e-43a3-9fd0-83195457de3c-pexels-lina-kivaka-1741230-min.jpg\",\"width\":1200,\"height\":800},{\"@type\":\"BreadcrumbList\",\"@id\":\"https:\/\/yoopies.se\/c\/anstalla-barnvakt-privat\/#breadcrumb\",\"itemListElement\":[{\"@type\":\"ListItem\",\"position\":1,\"name\":\"Home\",\"item\":\"https:\/\/yoopies.se\/c\/\"},{\"@type\":\"ListItem\",\"position\":2,\"name\":\"Anst\u00e4lla en barnvakt privat &#8211; hur g\u00f6r jag?\"}]},{\"@type\":\"WebSite\",\"@id\":\"https:\/\/yoopies.se\/c\/#website\",\"url\":\"https:\/\/yoopies.se\/c\/\",\"name\":\"Yoopies Sverige\",\"description\":\"\",\"potentialAction\":[{\"@type\":\"SearchAction\",\"target\":{\"@type\":\"EntryPoint\",\"urlTemplate\":\"https:\/\/yoopies.se\/c\/?s={search_term_string}\"},\"query-input\":{\"@type\":\"PropertyValueSpecification\",\"valueRequired\":true,\"valueName\":\"search_term_string\"}}],\"inLanguage\":\"sv-SE\"}]}<\/script>\n<!-- \/ Yoast SEO plugin. -->","yoast_head_json":{"title":"Anst\u00e4lla en barnvakt privat","description":"Hur g\u00e5r man egentligen tillv\u00e4ga n\u00e4r man ska anst\u00e4lla en barnvakt privat? Vi reder ut de vanligaste fr\u00e5gorna f\u00f6r\u00e4ldrar brukar ha!","robots":{"index":"index","follow":"follow","max-snippet":"max-snippet:-1","max-image-preview":"max-image-preview:large","max-video-preview":"max-video-preview:-1"},"canonical":"https:\/\/yoopies.se\/c\/anstalla-barnvakt-privat\/","og_locale":"sv_SE","og_type":"article","og_title":"Anst\u00e4lla en barnvakt privat","og_description":"Hur g\u00e5r man egentligen tillv\u00e4ga n\u00e4r man ska anst\u00e4lla en barnvakt privat? Vi reder ut de vanligaste fr\u00e5gorna f\u00f6r\u00e4ldrar brukar ha!","og_url":"https:\/\/yoopies.se\/c\/anstalla-barnvakt-privat\/","og_site_name":"Yoopies Sverige","article_modified_time":"2025-06-12T08:39:12+00:00","og_image":[{"width":1200,"height":800,"url":"https:\/\/yoopies.se\/c\/wp-content\/uploads\/sites\/16\/2022\/03\/06277569-664e-43a3-9fd0-83195457de3c-pexels-lina-kivaka-1741230-min.jpg","type":"image\/jpeg"}],"twitter_card":"summary_large_image","twitter_misc":{"Ber\u00e4knad l\u00e4stid":"5 minuter"},"schema":{"@context":"https:\/\/schema.org","@graph":[{"@type":"WebPage","@id":"https:\/\/yoopies.se\/c\/anstalla-barnvakt-privat\/","url":"https:\/\/yoopies.se\/c\/anstalla-barnvakt-privat\/","name":"Anst\u00e4lla en barnvakt privat","isPartOf":{"@id":"https:\/\/yoopies.se\/c\/#website"},"primaryImageOfPage":{"@id":"https:\/\/yoopies.se\/c\/anstalla-barnvakt-privat\/#primaryimage"},"image":{"@id":"https:\/\/yoopies.se\/c\/anstalla-barnvakt-privat\/#primaryimage"},"thumbnailUrl":"https:\/\/yoopies.se\/c\/wp-content\/uploads\/sites\/16\/2022\/03\/06277569-664e-43a3-9fd0-83195457de3c-pexels-lina-kivaka-1741230-min.jpg","datePublished":"2022-03-24T10:08:27+00:00","dateModified":"2025-06-12T08:39:12+00:00","description":"Hur g\u00e5r man egentligen tillv\u00e4ga n\u00e4r man ska anst\u00e4lla en barnvakt privat? Vi reder ut de vanligaste fr\u00e5gorna f\u00f6r\u00e4ldrar brukar ha!","breadcrumb":{"@id":"https:\/\/yoopies.se\/c\/anstalla-barnvakt-privat\/#breadcrumb"},"inLanguage":"sv-SE","potentialAction":[{"@type":"ReadAction","target":["https:\/\/yoopies.se\/c\/anstalla-barnvakt-privat\/"]}]},{"@type":"ImageObject","inLanguage":"sv-SE","@id":"https:\/\/yoopies.se\/c\/anstalla-barnvakt-privat\/#primaryimage","url":"https:\/\/yoopies.se\/c\/wp-content\/uploads\/sites\/16\/2022\/03\/06277569-664e-43a3-9fd0-83195457de3c-pexels-lina-kivaka-1741230-min.jpg","contentUrl":"https:\/\/yoopies.se\/c\/wp-content\/uploads\/sites\/16\/2022\/03\/06277569-664e-43a3-9fd0-83195457de3c-pexels-lina-kivaka-1741230-min.jpg","width":1200,"height":800},{"@type":"BreadcrumbList","@id":"https:\/\/yoopies.se\/c\/anstalla-barnvakt-privat\/#breadcrumb","itemListElement":[{"@type":"ListItem","position":1,"name":"Home","item":"https:\/\/yoopies.se\/c\/"},{"@type":"ListItem","position":2,"name":"Anst\u00e4lla en barnvakt privat &#8211; hur g\u00f6r jag?"}]},{"@type":"WebSite","@id":"https:\/\/yoopies.se\/c\/#website","url":"https:\/\/yoopies.se\/c\/","name":"Yoopies Sverige","description":"","potentialAction":[{"@type":"SearchAction","target":{"@type":"EntryPoint","urlTemplate":"https:\/\/yoopies.se\/c\/?s={search_term_string}"},"query-input":{"@type":"PropertyValueSpecification","valueRequired":true,"valueName":"search_term_string"}}],"inLanguage":"sv-SE"}]}},"_links":{"self":[{"href":"https:\/\/yoopies.se\/c\/wp-json\/wp\/v2\/pages\/53","targetHints":{"allow":["GET"]}}],"collection":[{"href":"https:\/\/yoopies.se\/c\/wp-json\/wp\/v2\/pages"}],"about":[{"href":"https:\/\/yoopies.se\/c\/wp-json\/wp\/v2\/types\/page"}],"author":[{"embeddable":true,"href":"https:\/\/yoopies.se\/c\/wp-json\/wp\/v2\/users\/10"}],"replies":[{"embeddable":true,"href":"https:\/\/yoopies.se\/c\/wp-json\/wp\/v2\/comments?post=53"}],"version-history":[{"count":1,"href":"https:\/\/yoopies.se\/c\/wp-json\/wp\/v2\/pages\/53\/revisions"}],"predecessor-version":[{"id":56,"href":"https:\/\/yoopies.se\/c\/wp-json\/wp\/v2\/pages\/53\/revisions\/56"}],"wp:featuredmedia":[{"embeddable":true,"href":"https:\/\/yoopies.se\/c\/wp-json\/wp\/v2\/media\/55"}],"wp:attachment":[{"href":"https:\/\/yoopies.se\/c\/wp-json\/wp\/v2\/media?parent=53"}],"curies":[{"name":"wp","href":"https:\/\/api.w.org\/{rel}","templated":true}]}}