{"id":32,"date":"2022-06-07T12:35:21","date_gmt":"2022-06-07T12:35:21","guid":{"rendered":"https:\/\/blog.yoopies.se\/barnvakt-nanny-dagbarnvardare-ultimata-guiden\/"},"modified":"2025-06-12T08:39:12","modified_gmt":"2025-06-12T08:39:12","slug":"barnvakt-nanny-dagbarnvardare-ultimata-guiden","status":"publish","type":"page","link":"https:\/\/yoopies.se\/c\/barnvakt-nanny-dagbarnvardare-ultimata-guiden\/","title":{"rendered":"Barnvakt, nanny eller dagbarnv\u00e5rdare &#8211; den ultimata guiden"},"content":{"rendered":"<p><p>Att bilda familj inneb&auml;r en m&auml;ngd fantastiska f&ouml;rdelar, men det &auml;r ingen hemlighet att det ibland kan vara &ouml;verv&auml;ldigande! M&aring;nga nya f&ouml;r&auml;ldrar oroar sig f&ouml;r om de g&ouml;r r&auml;tt och en vanlig sv&aring;righet som de flesta f&ouml;r&auml;ldrar st&auml;lls inf&ouml;r n&aring;gon g&aring;ng &auml;r att hitta l&auml;mplig <a href=\"https:\/\/yoopies.se\">barnomsorg<\/a> f&ouml;r sina barn. Oavsett om det g&auml;ller att hitta en bra barnvakt f&ouml;r enstaka utekv&auml;llar till att s&auml;kra din ideala nanny f&ouml;r en heltidsl&ouml;sning, &auml;r vi h&auml;r f&ouml;r att guida dig genom processen.<\/p>\n<p class=\"block-img\"><img decoding=\"async\" src=\"https:\/\/yoopies.se\/c\/wp-content\/uploads\/sites\/16\/2022\/06\/056bfeff-08b2-4f66-a3f9-830e9a518afc_5ebcee62-3698-4611-880e-08ff89457769_Sans2Btitre28129.jpg\" alt=\"Hitta en barnvakt i Stockholm\"><\/p>\n<h2><strong>Inneh&aring;ll<\/strong><\/h2>\n<ul>\n<li><a href=\"https:\/\/#h2-2\">B&ouml;rja s&ouml;ka efter barnomsorg<\/a><\/li>\n<li><a href=\"https:\/\/#h2-3\">Olika typer av barnomsorg<\/a><\/li>\n<li><a href=\"https:\/\/#h2-4\">V&auml;lj den b&auml;sta barnomsorgsl&ouml;sningen f&ouml;r dig<\/a><\/li>\n<li><a href=\"https:\/\/#h2-5\">Hitta den perfekta l&ouml;sningen f&ouml;r just din familj!<\/a><\/li>\n<li><a href=\"https:\/\/#h2-7\">F&aring; barnomsorgen att fungera f&ouml;r dig<\/a><\/li>\n<li><a href=\"https:\/\/#h2-8\">Familjeliv &#8211; v&aring;r f&ouml;r&auml;ldragemenskap<\/a><\/li>\n<\/ul>\n<h2><strong>B&ouml;rja s&ouml;ka efter barnomsorg<\/strong><\/h2>\n<\/p>\n<p>Vi vet att det &auml;r ett stort ansvar att anf&ouml;rtro dina barn &aring;t en annan person och <strong>att hitta r&auml;tt person eller l&ouml;sning f&ouml;r dig och ditt barn kan vara en sv&aring;r uppgift <\/strong>eftersom det finns s&aring; m&aring;nga faktorer att ta h&auml;nsyn till. Det kan k&auml;nnas &ouml;verv&auml;ldigande att veta var man ska b&ouml;rja och vi vet mer &auml;n n&aring;gon annan att f&ouml;r&auml;ldrar &auml;r upptagna m&auml;nniskor, s&aring; vi har delat upp s&ouml;kprocessen i etapper s&aring; att du kan hitta din idealiska barnomsorgsl&ouml;sning s&aring; effektivt som m&ouml;jligt!<\/p>\n<p>F&ouml;rst och fr&auml;mst m&aring;ste du titta p&aring; alla typer av barnomsorg som erbjuds, s&aring; att du kan begr&auml;nsa ditt s&ouml;kande till en typ av leverant&ouml;r. Som tur &auml;r har vi redan gjort all unders&ouml;kning, s&aring; det &auml;r bara att kolla in v&aring;ra guider nedan!<\/p>\n<h2><strong>Olika typer av barnomsorg:<\/strong><\/h2>\n<\/p>\n<p>Det finns tre huvudtyper av barnomsorgsgivare i Sverige som ofta anv&auml;nds av familjer i hela landet. <strong>Barnvakter, nannies och dagbarnv&aring;rdare <\/strong>(tidigare kallat dagmammor)<strong> <\/strong>har alla sina f&ouml;rdelar och kan vara den perfekta l&ouml;sningen f&ouml;r m&aring;nga olika situationer.<\/p>\n<ul>\n<li><strong>Barnvakter<\/strong> &auml;r den <strong>perfekta l&ouml;sningen f&ouml;r informell, tillf&auml;llig barnomsorg.<\/strong> Att hitta en p&aring;litlig barnvakt &auml;r ett m&aring;ste f&ouml;r f&ouml;r&auml;ldrar med barn i alla &aring;ldrar eftersom de kan vara en riktig livr&auml;ddare n&auml;r du beh&ouml;ver akut barnomsorg!\n<\/li>\n<li><strong>En nanny<\/strong> &auml;r en professionell barnsk&ouml;tare som <strong>arbetar i ditt hem f&ouml;r att ta hand om dina barn under dagen och ibland &auml;ven &ouml;ver natten.<\/strong> De kan arbeta som barnflickor som bor hemma eller bor ute och kan antingen vara barnflickor enbart f&ouml;r din familj eller f&ouml;r flera familjer, beroende p&aring; hur bokade scheman de har! \n<\/li>\n<li><strong>Dagbarnv&aring;rdare<\/strong> &auml;r egenf&ouml;retagare som <strong>arbetar i sitt eget hem <\/strong>och tar hand om tv&aring; eller flera barn minst tv&aring; timmar per dag. <\/li>\n<\/ul>\n<p class=\"block-img\"><img decoding=\"async\" src=\"https:\/\/yoopies.se\/c\/wp-content\/uploads\/sites\/16\/2022\/06\/1b0fac37-5d1c-44d3-8409-ce88edcd9ac8_bigstock-Young-mom-with-her-child-play-115332845_LD.jpg\" alt=\"Barnvakt eller nanny - vad passar dig?\"><\/p>\n<h2><strong>V&auml;lj den b&auml;sta barnomsorgsl&ouml;sningen f&ouml;r dig<\/strong><\/h2>\n<\/p>\n<p>Det finns m&aring;nga olika barnomsorgsl&ouml;sningar, vissa passar vissa familjer b&auml;ttre &auml;n andra, eller s&aring; kanske en <strong>kombination av barnomsorgsl&ouml;sningar<\/strong> fungerar b&auml;st f&ouml;r dig. Det finns daghem, lekgrupper och en m&auml;ngd andra alternativ som du kanske inte tidigare har t&auml;nkt p&aring;. Om du vill veta om du ska v&auml;lja en f&ouml;rskola eller en barnsk&ouml;tare, eller <strong>ta reda p&aring; f&ouml;r- och nackdelar<\/strong> med barnsk&ouml;tare kontra dagmammor s&aring; &auml;r v&aring;ra guider fulla av information som hj&auml;lper dig att hitta din idealiska barnomsorgsl&ouml;sning.<\/p>\n<p>Den vanligaste typen av barnomsorgsleverant&ouml;r &auml;r barnvakter, eftersom de erbjuder s&aring; flexibla l&ouml;sningar f&ouml;r barn i alla &aring;ldrar, s&aring;<strong> att hitta en p&aring;litlig och p&aring;litlig barnvakt &auml;r avg&ouml;rande f&ouml;r alla familjer!<\/strong> <\/p>\n<\/p>\n<h2><strong>Hitta den perfekta l&ouml;sningen f&ouml;r just din familj!<\/strong><\/h2>\n<\/p>\n<p>N&auml;r du har best&auml;mt dig f&ouml;r vilken typ av barnomsorg som passar din familj b&auml;st &auml;r det dags att fundera ut <strong>hur du hittar r&auml;tt person som kan ta hand om dina barn.<\/strong> Det finns m&aring;nga olika s&auml;tt att hitta en barnvakt, en barnflicka eller en barnsk&ouml;tare:<\/p>\n<ul>\n<li><strong>Word of mouth<\/strong> &#8211; som kan vara bra f&ouml;r att f&aring; f&ouml;rstahandsrecensioner<\/li>\n<li><strong>Barnomsorgsbyr&aring;er <\/strong>&#8211; som kan sk&ouml;ta hela processen &aring;t dig, men som kan vara dyra till <\/li>\n<li><strong>Onlineplattformar<\/strong> &#8211; som har ett stort utbud, s&auml;kerhet genom verifierade profiler och p&aring;litliga granskningssystem ocks&aring;!<\/li>\n<\/ul>\n<p>N&auml;r du har hittat n&aring;gra potentiella s&ouml;kande ska du komma ih&aring;g hur viktigt det &auml;r att <strong>g&ouml;ra efterforskningar och genomf&ouml;ra intervjuer i person <\/strong>innan du fattar ditt slutgiltiga beslut. Vi har skapat en praktisk guide f&ouml;r <a href=\"https:\/\/yoopies.se\/c\/barnvakt-nanny-dagbarnvardare-ultimata-guiden\/hur-man-intervjuar-en-barnvakt\">hur du ska intervjua en barnvakt<\/a> som du kan kolla in innan du b&ouml;rjar. <\/p>\n<p>Om du har best&auml;mt dig f&ouml;r att v&auml;lja en barnvakt kommer de att ha sina egna processer och registreringsformat som du m&aring;ste f&ouml;lja eftersom de fungerar som ett eget f&ouml;retag. N&auml;r det g&auml;ller barnvakter kommer du dock att vara arbetsgivare snarare &auml;n kund som hos barnvakter, och d&auml;rf&ouml;r kommer du att beh&ouml;va ge din barnvakt ett kontrakt att skriva under innan hon b&ouml;rjar arbeta f&ouml;r dig. Barnsk&ouml;tarkontrakt &auml;r vanligtvis ganska enkla och &auml;r utformade f&ouml;r att skydda b&aring;de barnsk&ouml;taren och familjen som de arbetar f&ouml;r. <\/p>\n<\/p>\n<p class=\"block-img\"><img decoding=\"async\" src=\"https:\/\/yoopies.se\/c\/wp-content\/uploads\/sites\/16\/2022\/06\/3becd090-8966-4c51-8ce1-9b281a8cfc91_pexels-cottonbro-697474728129.jpg\" alt=\"Barnvakter n&auml;ra dig\"><\/p>\n<h2><strong>F&aring; barnomsorgen att fungera f&ouml;r dig<\/strong><\/h2>\n<\/p>\n<p>I slut&auml;ndan &auml;r det viktigt att komma ih&aring;g att <strong>barnomsorg, med alla dess l&ouml;sningar, &auml;r s&aring; pass flexibelt att du kan f&aring; den att fungera f&ouml;r dig oavsett familjesituation. <\/strong>Det &auml;r ingen hemlighet att barnomsorg kan vara dyrt, d&auml;rf&ouml;r vill du se till att den hj&auml;lper din familj att balansera sina scheman s&aring; effektivt som m&ouml;jligt, snarare &auml;n att vara till besv&auml;r. <\/p>\n<p>F&ouml;r m&aring;nga arbetande f&ouml;r&auml;ldrar kan barnomsorg vara en bra l&ouml;sning f&ouml;r att ta sig igenom semestern eller f&ouml;r att du ska kunna uppr&auml;tth&aring;lla en bra balans mellan arbetsliv och privatliv genom att njuta av en professionell karri&auml;r efter ordinarie kontorstider. <\/p>\n<p>Alla som beh&ouml;ver hj&auml;lp kan anlita en kompetent barnvakt eller nanny f&ouml;r att st&ouml;dja dem och deras barn n&auml;r som helst, och det beh&ouml;ver inte heller vara en permanent l&ouml;sning, utan man kan anlita en barnflicka eller en barnvakt som <strong>en eng&aring;ngsanst&auml;llning, p&aring; deltid eller bara f&ouml;r en viss skollov.<\/strong> Kanske f&ouml;redrar du att tillbringa tid med dina barn under sommarlovet i st&auml;llet och betala f&ouml;r barnomsorg under skolterminerna? Oavsett din situation finns det en barnomsorgsl&ouml;sning d&auml;r ute, du beh&ouml;ver bara best&auml;mma dig f&ouml;r vad som fungerar b&auml;st f&ouml;r dig!<\/p>\n<p>F&ouml;r m&aring;nga arbetande f&ouml;r&auml;ldrar kan barnomsorg vara en bra l&ouml;sning &ouml;r att ta sig igenom semestern eller f&ouml;r att du ska kunna <a href=\"https:\/\/yoopies.se\/c\/hallbart-distansarbete-hur-kan-jag-bli-effektiv-ma-battre\">uppr&auml;tth&aring;lla en bra balans mellan arbetsliv och privatliv<\/a> genom att kunna njuta av en professionell karri&auml;r efter ordinarie kontorstider med r&auml;tt hj&auml;lp p&aring; hemmaplan! <\/p>\n<\/p>\n<h2><strong>Familjeliv &#8211; v&aring;r f&ouml;r&auml;ldragemenskap<\/strong><\/h2>\n<\/p>\n<p>Oavsett vilken barnomsorgsl&ouml;sning du v&auml;ljer f&ouml;r din familj har <a href=\"https:\/\/yoopies.co.uk\">Yoopies<\/a> <strong>ett stort urval av s&ouml;kande som kan erbjuda p&aring;litlig och h&ouml;gkvalitativ barnomsorg f&ouml;r dina barn.<\/strong> Som h&auml;ngivna yrkesverksamma hoppas vi kunna st&ouml;dja s&aring; m&aring;nga familjer som m&ouml;jligt och tillhandah&aring;ller g&auml;rna barnomsorgsresurser till alla f&ouml;r&auml;ldrar, inte bara till v&aring;ra Yoopies-familjer! <\/p>\n<p>Vi vet att det kan vara en sv&aring;r uppgift att ta hand om barn, oavsett &aring;lder, s&aring; varf&ouml;r inte kolla in n&aring;gra av <strong>v&aring;ra fantastiska bloggartiklar<\/strong> f&ouml;r att h&aring;lla familjen underh&aring;llen p&aring; helgerna, under semestern eller p&aring; fritiden. <\/p>\n<p>Vid sidan av branschexperter ger vi<strong> utm&auml;rkta allm&auml;nna r&aring;d till f&ouml;r&auml;ldrar <\/strong>om alla m&ouml;jliga &auml;mnen som har med familjelivet att g&ouml;ra. Om du letar efter hj&auml;lp med allt fr&aring;n att h&aring;lla dig i form hemma till att avv&auml;nja ditt barn kan du s&auml;kert hitta st&ouml;d p&aring; v&aring;ra <strong>bloggsidor om barnomsorg<\/strong> eftersom Yoopies-n&auml;tverket best&aring;r av s&aring; m&aring;nga likasinnade individer och familjer!<\/p>\n<p>Du kan inte bara hitta <strong>bra r&aring;d om f&ouml;r&auml;ldraskap, utan det finns ocks&aring; en uppsj&ouml; av gratis resurser f&ouml;r att hj&auml;lpa till med barnens utveckling <\/strong>som kan anv&auml;ndas p&aring; ett avslappnat och roligt s&auml;tt. Vi uppdaterar regelbundet v&aring;ra anv&auml;ndare med roliga nya aktiviteter f&ouml;r barn, bland annat:<\/p>\n<ul>\n<li><a href=\"https:\/\/yoopies.co.uk\/c\/childcare\/february-half-term-activities\">Tips p&aring; aktiviteter vid hemarbete under COVID-19<\/a><\/li>\n<li><a href=\"https:\/\/yoopies.co.uk\/c\/childcare\/summer-holiday-activities\">De b&auml;sta sommarlovsaktiviteterna<\/a><\/li>\n<li><a href=\"https:\/\/yoopies.co.uk\/c\/childcare\/how-to-teach-children-about-recycling\">Tips p&aring; hur du kan delta i den Internationella &Aring;tervinningsdagen<\/a><\/li>\n<li><a href=\"https:\/\/yoopies.co.uk\/c\/childcare\/how-to-stay-fit-and-healthy-at-home-in-lockdown\">Att h&aring;lla sig i form hemifr&aring;n under COVID-19<\/a><\/li>\n<li><a href=\"https:\/\/yoopies.co.uk\/c\/childcare\/easter_holiday_activities\">De b&auml;sta aktiviteterna f&ouml;r p&aring;sk<\/a><\/li>\n<\/ul>\n<p>Anm&auml;l dig till v&aring;rt m&aring;natliga nyhetsbrev f&ouml;r att f&aring; aktuella artiklar och r&aring;d om f&ouml;r&auml;ldraskap och &auml;ven exklusiva rabatter och bel&ouml;ningar fr&aring;n Yoopies!<\/p>\n<\/p>\n<h2><strong>Den perfekta barnvakten f&ouml;r just din familj &auml;r bara n&aring;gra klick bort!<\/strong><\/h2>\n<\/p>\n<p>Om du letar efter en p&aring;litlig, p&aring;litlig och prisv&auml;rd barnomsorgsleverant&ouml;r &auml;r <a href=\"https:\/\/yoopies.co.uk\">Yoopies<\/a> det perfekta st&auml;llet f&ouml;r din familj. V&aring;r anst&auml;llningsprocess &auml;r inte bara stressfri och enkel att hantera, utan du kan ocks&aring; vara trygg i vetskapen om att du v&auml;ljer en utm&auml;rkt barnomsorgspersonal genom att kolla in recensioner fr&aring;n andra anv&auml;ndare. Vi hanterar alla bokningar tryggt och s&auml;kert online f&ouml;r att se till att processen &auml;r s&aring; enkel som m&ouml;jligt, s&aring; vad v&auml;ntar du p&aring;?<\/p>\n<p>Det &auml;r bara att registrera dig gratis och l&auml;gga upp en annons med dina individuella krav f&ouml;r att f&aring; ig&aring;ng s&ouml;kandet efter den perfekta barnomsorgsl&ouml;sningen!<\/p>\n<\/p>\n<p><a class=\"button\" href=\"https:\/\/yoopies.se\/barnpassning\">Hitta den perfekta barnvakten just f\u00f6r din familj!<\/a><\/p>\n","protected":false},"excerpt":{"rendered":"<p>Att bilda familj inneb&auml;r en m&auml;ngd fantastiska f&ouml;rdelar, men det &auml;r ingen hemlighet att det &hellip; <\/p>\n","protected":false},"author":10,"featured_media":36,"parent":0,"menu_order":0,"comment_status":"closed","ping_status":"closed","template":"","meta":{"_acf_changed":false,"footnotes":""},"class_list":["post-32","page","type-page","status-publish","has-post-thumbnail","hentry"],"acf":[],"yoast_head":"<!-- This site is optimized with the Yoast SEO plugin v26.9 - https:\/\/yoast.com\/product\/yoast-seo-wordpress\/ -->\n<title>Barnvakt, nanny eller dagbarnv\u00e5rdare - den ultimata guiden<\/title>\n<meta name=\"description\" content=\"Barnvakt, nanny eller dagbarnv\u00e5rdare - vad kostar en barnvakt? N\u00e4r kan man ha barnvakt? Vad kostar en nanny? Vad \u00e4r en nanny?\" \/>\n<meta name=\"robots\" content=\"index, follow, max-snippet:-1, max-image-preview:large, max-video-preview:-1\" \/>\n<link rel=\"canonical\" href=\"https:\/\/yoopies.se\/c\/barnvakt-nanny-dagbarnvardare-ultimata-guiden\/\" \/>\n<meta property=\"og:locale\" content=\"sv_SE\" \/>\n<meta property=\"og:type\" content=\"article\" \/>\n<meta property=\"og:title\" content=\"Barnvakt, nanny eller dagbarnv\u00e5rdare - den ultimata guiden\" \/>\n<meta property=\"og:description\" content=\"Barnvakt, nanny eller dagbarnv\u00e5rdare - vad kostar en barnvakt? N\u00e4r kan man ha barnvakt? Vad kostar en nanny? Vad \u00e4r en nanny?\" \/>\n<meta property=\"og:url\" content=\"https:\/\/yoopies.se\/c\/barnvakt-nanny-dagbarnvardare-ultimata-guiden\/\" \/>\n<meta property=\"og:site_name\" content=\"Yoopies Sverige\" \/>\n<meta property=\"article:modified_time\" content=\"2025-06-12T08:39:12+00:00\" \/>\n<meta property=\"og:image\" content=\"https:\/\/yoopies.se\/c\/wp-content\/uploads\/sites\/16\/2022\/06\/eebd0e18-0615-4c73-afe0-d17b45ea9e5c-pexels-alena-darmel-903729628129.jpg\" \/>\n\t<meta property=\"og:image:width\" content=\"1200\" \/>\n\t<meta property=\"og:image:height\" content=\"800\" \/>\n\t<meta property=\"og:image:type\" content=\"image\/jpeg\" \/>\n<meta name=\"twitter:card\" content=\"summary_large_image\" \/>\n<meta name=\"twitter:label1\" content=\"Ber\u00e4knad l\u00e4stid\" \/>\n\t<meta name=\"twitter:data1\" content=\"10 minuter\" \/>\n<script type=\"application\/ld+json\" class=\"yoast-schema-graph\">{\"@context\":\"https:\/\/schema.org\",\"@graph\":[{\"@type\":\"WebPage\",\"@id\":\"https:\/\/yoopies.se\/c\/barnvakt-nanny-dagbarnvardare-ultimata-guiden\/\",\"url\":\"https:\/\/yoopies.se\/c\/barnvakt-nanny-dagbarnvardare-ultimata-guiden\/\",\"name\":\"Barnvakt, nanny eller dagbarnv\u00e5rdare - den ultimata guiden\",\"isPartOf\":{\"@id\":\"https:\/\/yoopies.se\/c\/#website\"},\"primaryImageOfPage\":{\"@id\":\"https:\/\/yoopies.se\/c\/barnvakt-nanny-dagbarnvardare-ultimata-guiden\/#primaryimage\"},\"image\":{\"@id\":\"https:\/\/yoopies.se\/c\/barnvakt-nanny-dagbarnvardare-ultimata-guiden\/#primaryimage\"},\"thumbnailUrl\":\"https:\/\/yoopies.se\/c\/wp-content\/uploads\/sites\/16\/2022\/06\/eebd0e18-0615-4c73-afe0-d17b45ea9e5c-pexels-alena-darmel-903729628129.jpg\",\"datePublished\":\"2022-06-07T12:35:21+00:00\",\"dateModified\":\"2025-06-12T08:39:12+00:00\",\"description\":\"Barnvakt, nanny eller dagbarnv\u00e5rdare - vad kostar en barnvakt? N\u00e4r kan man ha barnvakt? Vad kostar en nanny? Vad \u00e4r en nanny?\",\"breadcrumb\":{\"@id\":\"https:\/\/yoopies.se\/c\/barnvakt-nanny-dagbarnvardare-ultimata-guiden\/#breadcrumb\"},\"inLanguage\":\"sv-SE\",\"potentialAction\":[{\"@type\":\"ReadAction\",\"target\":[\"https:\/\/yoopies.se\/c\/barnvakt-nanny-dagbarnvardare-ultimata-guiden\/\"]}]},{\"@type\":\"ImageObject\",\"inLanguage\":\"sv-SE\",\"@id\":\"https:\/\/yoopies.se\/c\/barnvakt-nanny-dagbarnvardare-ultimata-guiden\/#primaryimage\",\"url\":\"https:\/\/yoopies.se\/c\/wp-content\/uploads\/sites\/16\/2022\/06\/eebd0e18-0615-4c73-afe0-d17b45ea9e5c-pexels-alena-darmel-903729628129.jpg\",\"contentUrl\":\"https:\/\/yoopies.se\/c\/wp-content\/uploads\/sites\/16\/2022\/06\/eebd0e18-0615-4c73-afe0-d17b45ea9e5c-pexels-alena-darmel-903729628129.jpg\",\"width\":1200,\"height\":800},{\"@type\":\"BreadcrumbList\",\"@id\":\"https:\/\/yoopies.se\/c\/barnvakt-nanny-dagbarnvardare-ultimata-guiden\/#breadcrumb\",\"itemListElement\":[{\"@type\":\"ListItem\",\"position\":1,\"name\":\"Home\",\"item\":\"https:\/\/yoopies.se\/c\/\"},{\"@type\":\"ListItem\",\"position\":2,\"name\":\"Barnvakt, nanny eller dagbarnv\u00e5rdare &#8211; den ultimata guiden\"}]},{\"@type\":\"WebSite\",\"@id\":\"https:\/\/yoopies.se\/c\/#website\",\"url\":\"https:\/\/yoopies.se\/c\/\",\"name\":\"Yoopies Sverige\",\"description\":\"\",\"potentialAction\":[{\"@type\":\"SearchAction\",\"target\":{\"@type\":\"EntryPoint\",\"urlTemplate\":\"https:\/\/yoopies.se\/c\/?s={search_term_string}\"},\"query-input\":{\"@type\":\"PropertyValueSpecification\",\"valueRequired\":true,\"valueName\":\"search_term_string\"}}],\"inLanguage\":\"sv-SE\"}]}<\/script>\n<!-- \/ Yoast SEO plugin. -->","yoast_head_json":{"title":"Barnvakt, nanny eller dagbarnv\u00e5rdare - den ultimata guiden","description":"Barnvakt, nanny eller dagbarnv\u00e5rdare - vad kostar en barnvakt? N\u00e4r kan man ha barnvakt? Vad kostar en nanny? Vad \u00e4r en nanny?","robots":{"index":"index","follow":"follow","max-snippet":"max-snippet:-1","max-image-preview":"max-image-preview:large","max-video-preview":"max-video-preview:-1"},"canonical":"https:\/\/yoopies.se\/c\/barnvakt-nanny-dagbarnvardare-ultimata-guiden\/","og_locale":"sv_SE","og_type":"article","og_title":"Barnvakt, nanny eller dagbarnv\u00e5rdare - den ultimata guiden","og_description":"Barnvakt, nanny eller dagbarnv\u00e5rdare - vad kostar en barnvakt? N\u00e4r kan man ha barnvakt? Vad kostar en nanny? Vad \u00e4r en nanny?","og_url":"https:\/\/yoopies.se\/c\/barnvakt-nanny-dagbarnvardare-ultimata-guiden\/","og_site_name":"Yoopies Sverige","article_modified_time":"2025-06-12T08:39:12+00:00","og_image":[{"width":1200,"height":800,"url":"https:\/\/yoopies.se\/c\/wp-content\/uploads\/sites\/16\/2022\/06\/eebd0e18-0615-4c73-afe0-d17b45ea9e5c-pexels-alena-darmel-903729628129.jpg","type":"image\/jpeg"}],"twitter_card":"summary_large_image","twitter_misc":{"Ber\u00e4knad l\u00e4stid":"10 minuter"},"schema":{"@context":"https:\/\/schema.org","@graph":[{"@type":"WebPage","@id":"https:\/\/yoopies.se\/c\/barnvakt-nanny-dagbarnvardare-ultimata-guiden\/","url":"https:\/\/yoopies.se\/c\/barnvakt-nanny-dagbarnvardare-ultimata-guiden\/","name":"Barnvakt, nanny eller dagbarnv\u00e5rdare - den ultimata guiden","isPartOf":{"@id":"https:\/\/yoopies.se\/c\/#website"},"primaryImageOfPage":{"@id":"https:\/\/yoopies.se\/c\/barnvakt-nanny-dagbarnvardare-ultimata-guiden\/#primaryimage"},"image":{"@id":"https:\/\/yoopies.se\/c\/barnvakt-nanny-dagbarnvardare-ultimata-guiden\/#primaryimage"},"thumbnailUrl":"https:\/\/yoopies.se\/c\/wp-content\/uploads\/sites\/16\/2022\/06\/eebd0e18-0615-4c73-afe0-d17b45ea9e5c-pexels-alena-darmel-903729628129.jpg","datePublished":"2022-06-07T12:35:21+00:00","dateModified":"2025-06-12T08:39:12+00:00","description":"Barnvakt, nanny eller dagbarnv\u00e5rdare - vad kostar en barnvakt? N\u00e4r kan man ha barnvakt? Vad kostar en nanny? Vad \u00e4r en nanny?","breadcrumb":{"@id":"https:\/\/yoopies.se\/c\/barnvakt-nanny-dagbarnvardare-ultimata-guiden\/#breadcrumb"},"inLanguage":"sv-SE","potentialAction":[{"@type":"ReadAction","target":["https:\/\/yoopies.se\/c\/barnvakt-nanny-dagbarnvardare-ultimata-guiden\/"]}]},{"@type":"ImageObject","inLanguage":"sv-SE","@id":"https:\/\/yoopies.se\/c\/barnvakt-nanny-dagbarnvardare-ultimata-guiden\/#primaryimage","url":"https:\/\/yoopies.se\/c\/wp-content\/uploads\/sites\/16\/2022\/06\/eebd0e18-0615-4c73-afe0-d17b45ea9e5c-pexels-alena-darmel-903729628129.jpg","contentUrl":"https:\/\/yoopies.se\/c\/wp-content\/uploads\/sites\/16\/2022\/06\/eebd0e18-0615-4c73-afe0-d17b45ea9e5c-pexels-alena-darmel-903729628129.jpg","width":1200,"height":800},{"@type":"BreadcrumbList","@id":"https:\/\/yoopies.se\/c\/barnvakt-nanny-dagbarnvardare-ultimata-guiden\/#breadcrumb","itemListElement":[{"@type":"ListItem","position":1,"name":"Home","item":"https:\/\/yoopies.se\/c\/"},{"@type":"ListItem","position":2,"name":"Barnvakt, nanny eller dagbarnv\u00e5rdare &#8211; den ultimata guiden"}]},{"@type":"WebSite","@id":"https:\/\/yoopies.se\/c\/#website","url":"https:\/\/yoopies.se\/c\/","name":"Yoopies Sverige","description":"","potentialAction":[{"@type":"SearchAction","target":{"@type":"EntryPoint","urlTemplate":"https:\/\/yoopies.se\/c\/?s={search_term_string}"},"query-input":{"@type":"PropertyValueSpecification","valueRequired":true,"valueName":"search_term_string"}}],"inLanguage":"sv-SE"}]}},"_links":{"self":[{"href":"https:\/\/yoopies.se\/c\/wp-json\/wp\/v2\/pages\/32","targetHints":{"allow":["GET"]}}],"collection":[{"href":"https:\/\/yoopies.se\/c\/wp-json\/wp\/v2\/pages"}],"about":[{"href":"https:\/\/yoopies.se\/c\/wp-json\/wp\/v2\/types\/page"}],"author":[{"embeddable":true,"href":"https:\/\/yoopies.se\/c\/wp-json\/wp\/v2\/users\/10"}],"replies":[{"embeddable":true,"href":"https:\/\/yoopies.se\/c\/wp-json\/wp\/v2\/comments?post=32"}],"version-history":[{"count":1,"href":"https:\/\/yoopies.se\/c\/wp-json\/wp\/v2\/pages\/32\/revisions"}],"predecessor-version":[{"id":37,"href":"https:\/\/yoopies.se\/c\/wp-json\/wp\/v2\/pages\/32\/revisions\/37"}],"wp:featuredmedia":[{"embeddable":true,"href":"https:\/\/yoopies.se\/c\/wp-json\/wp\/v2\/media\/36"}],"wp:attachment":[{"href":"https:\/\/yoopies.se\/c\/wp-json\/wp\/v2\/media?parent=32"}],"curies":[{"name":"wp","href":"https:\/\/api.w.org\/{rel}","templated":true}]}}