{"id":26,"date":"2022-06-07T12:31:27","date_gmt":"2022-06-07T12:31:27","guid":{"rendered":"https:\/\/blog.yoopies.se\/stadhjalp-i-hemmet-allt-du-behover-veta\/"},"modified":"2025-06-12T08:39:12","modified_gmt":"2025-06-12T08:39:12","slug":"stadhjalp-i-hemmet-allt-du-behover-veta","status":"publish","type":"page","link":"https:\/\/yoopies.se\/c\/stadhjalp-i-hemmet-allt-du-behover-veta\/","title":{"rendered":"St\u00e4dhj\u00e4lp i hemmet &#8211; allt du beh\u00f6ver veta!"},"content":{"rendered":"<p><p>St&auml;dhj&auml;lp och st&auml;dare &auml;r ett v&auml;ldigt <strong>hj&auml;lpsamt komplement till alla hush&aring;ll<\/strong> f&ouml;r att se till att familjehemmet fungerar smidigt. Det finns m&aring;nga <strong>olika typer av hush&aring;llshj&auml;lp<\/strong> som du kan anlita, beroende p&aring; dina individuella behov. Med allt fr&aring;n st&auml;dning till hj&auml;lp med att g&ouml;ra &auml;renden och h&aring;lla ordning p&aring; de dagliga sysslorna, kan ett hush&aring;llsbitr&auml;de kan <strong>uppr&auml;tth&aring;lla organisationen i ditt hem.<\/strong><\/p>\n<p class=\"block-img\"><img decoding=\"async\" src=\"https:\/\/yoopies.se\/c\/wp-content\/uploads\/sites\/16\/2022\/06\/edf22c30-ee81-4f1f-9ad3-d31532a849d5_Untitleddesign28629.jpg\" alt=\"Hemst&auml;dning\"><\/p>\n<h2><strong>Contents:<\/strong><\/h2>\n<ul>\n<li><a href=\"https:\/\/#h2-2\">Att hitta r&auml;tt st&auml;dhj&auml;lp<\/a><\/li>\n<li><a href=\"https:\/\/#h2-3\">Vad kostar det att anst&auml;lla st&auml;dhj&auml;lp?<\/a><\/li>\n<li><a href=\"https:\/\/#h2-4\">Average cost of housekeeping<\/a><\/li>\n<li><a href=\"https:\/\/#h2-5\">Covid Secure housekeeping<\/a><\/li>\n<\/ul>\n<h2><strong>Att hitta r&auml;tt st&auml;dhj&auml;lp<\/strong><\/h2>\n<\/p>\n<p>F&ouml;r de som aldrig har anlitat st&auml;dhj&auml;lp tidigare, eller n&aring;gon annan typ av hemhj&auml;lp f&ouml;r den delen, kan processen verka skr&auml;mmande och &ouml;verv&auml;ldigande eftersom det finns m&aring;nga st&auml;llen d&auml;r du kan s&ouml;ka efter s&ouml;kande av h&ouml;g kvalitet och det finns s&aring; m&aring;nga valm&ouml;jligheter. <\/p>\n<p>Det f&ouml;rsta steget i processen &auml;r att best&auml;mma sig f&ouml;r vad just du och din familj beh&ouml;ver hj&auml;lp med och <strong>uppr&auml;tta en lista &ouml;ver dina krav tillsammans med en budget<\/strong> <strong>och hur m&aring;nga timmar du beh&ouml;ver hj&auml;lp<\/strong>. N&auml;r du har skapat en profil f&ouml;r din ideala kandidat kan du b&ouml;rja s&ouml;ka efter den perfekta hush&aring;llerskan. Det finns m&aring;nga s&auml;tt att hitta en l&auml;mplig person, t.ex. via <strong>word of mouth<\/strong>, via en <strong>byr&aring;<\/strong> eller p&aring; en <strong>onlineplattform<\/strong> som <a href=\"https:\/\/yoopies.se\">Yoopies<\/a>. <\/p>\n<p>Att hitta en r&auml;tt st&auml;dare f&ouml;r just dig och dina behov i hemmet kan ta tid, men n&auml;r du v&auml;l har hittat den perfekta kandidaten kan hon eller han bli en ov&auml;rderlig tillg&aring;ng i alla familjehem! F&ouml;r all information du beh&ouml;ver om hur du hittar din idealiska hush&aring;llerska och hela anst&auml;llningsprocessen kan du l&auml;sa v&aring;r <a href=\"https:\/\/yoopies.co.uk\/c\/housekeeping\/how-to-find-a-good-cleaner-or-housekeeper\">guide<\/a> f&ouml;r att hitta den perfekta hj&auml;lpen h&auml;r!<\/p>\n<p class=\"block-img\"><img decoding=\"async\" src=\"https:\/\/yoopies.se\/c\/wp-content\/uploads\/sites\/16\/2022\/06\/82cd681d-5273-4957-91d7-72f48fd2f395_7.jpg\" alt=\"St&auml;dhj&auml;lp hemma\"><\/p>\n<h2><strong>Vad kostar det att anst&auml;lla st&auml;dhj&auml;lp?<\/strong><\/h2>\n<\/p>\n<p><strong>Kostnaden f&ouml;r hush&aring;llsarbete kan variera beroende p&aring; vilken typ av tj&auml;nst du vill ha<\/strong>, eftersom vissa st&auml;dare endast erbjuder st&auml;dtj&auml;nster och andra utf&ouml;r en mer komplett hush&aring;llsarbete. Andra faktorer som kan p&aring;verka de genomsnittliga priserna f&ouml;r st&auml;dhj&auml;lp kan vara avst&aring;ndet till din bostad samt st&auml;darens tidigare erfarenheter &amp; f&auml;rdigheter. I en st&ouml;rre stad som exempelvis <strong>Stockholm <\/strong>eller <strong>G&ouml;teborg <\/strong>ligger priserna i dagsl&auml;get mellan <strong>250-400 kr\/timme inklusive moms.<\/strong><\/p>\n<p>Att anlita st&auml;dhj&auml;lp via <a href=\"https:\/\/yoopies.se\">Yoopies<\/a> kan vara ett bra ekonomiskt val eftersom vi l&aring;ter v&aring;ra s&ouml;kande <strong>s&auml;tta sina egna priser<\/strong> och vi tar aldrig provision fr&aring;n dem, vilket g&ouml;r att st&auml;dare och hush&aring;llerskor p&aring; v&aring;r webbplats kan erbjuda <strong>konkurrenskraftiga priser.<\/strong> Det &auml;r v&auml;rt att j&auml;mf&ouml;ra priserna f&ouml;r n&aring;gra s&ouml;kande fr&aring;n samma omr&aring;de f&ouml;r att s&auml;kerst&auml;lla att du betalar r&auml;tt l&ouml;n, men kom ih&aring;g att de med <strong>mer erfarenhet kan erbjuda en tj&auml;nst av h&ouml;gre kvalitet<\/strong> och d&auml;rf&ouml;r ta ut mer, vilket kan orsaka en liten variation i priserna.<\/p>\n<\/p>\n<h2><strong>S&auml;ker st&auml;dning under COVID-19<\/strong><\/h2>\n<\/p>\n<p>Under det senaste &aring;ren har det blivit &auml;nnu tydligare hur viktigt det &auml;r att h&aring;lla hemmet rent och hygieniskt, s&auml;rskilt under pandemin. &Auml;ven om det finns vissa <a href=\"https:\/\/yoopies.co.uk\/c\/housekeeping\/cleaning-tips-for-a-covid-secure-home\">st&auml;dtips som kan hj&auml;lpa dig att h&aring;lla ett Covid-s&auml;kert hem<\/a>, kan det vara &ouml;verv&auml;ldigande att hantera familjelivet i b&auml;sta fall, f&ouml;r att inte tala om att h&aring;lla ett fl&auml;ckfritt hem ocks&aring;!<\/p>\n<p>Hembitr&auml;den och st&auml;dare kan vara det extra par h&auml;nder som de flesta f&ouml;r&auml;ldrar desperat beh&ouml;ver f&ouml;r att h&aring;lla ordning p&aring; familjelivet, s&aring; varf&ouml;r inte s&ouml;ka efter din perfekta hj&auml;lpreda p&aring; <a href=\"https:\/\/yoopies.se\">Yoopies<\/a>!<\/p>\n<p class=\"block-img\"><img decoding=\"async\" src=\"https:\/\/yoopies.se\/c\/wp-content\/uploads\/sites\/16\/2022\/06\/81744199-676c-4e4f-ac4b-13513df6d5aa_kelly-sikkema-DJcVOQUZxF0-unsplash28129.jpg\" alt=\"Hemst&auml;dning\"><\/p>\n<\/p>\n<p><a class=\"button\" href=\"https:\/\/yoopies.se\/stadning\">Hitta den perfekta st\u00e4dhj\u00e4lpen just f\u00f6r dig!<\/a><\/p>\n","protected":false},"excerpt":{"rendered":"<p>St&auml;dhj&auml;lp och st&auml;dare &auml;r ett v&auml;ldigt hj&auml;lpsamt komplement till alla hush&aring;ll f&ouml;r att se till &hellip; <\/p>\n","protected":false},"author":10,"featured_media":30,"parent":0,"menu_order":0,"comment_status":"closed","ping_status":"closed","template":"","meta":{"_acf_changed":false,"footnotes":""},"class_list":["post-26","page","type-page","status-publish","has-post-thumbnail","hentry"],"acf":[],"yoast_head":"<!-- This site is optimized with the Yoast SEO plugin v26.9 - https:\/\/yoast.com\/product\/yoast-seo-wordpress\/ -->\n<title>St\u00e4dhj\u00e4lp i hemmet - allt du beh\u00f6ver veta!<\/title>\n<meta name=\"description\" content=\"St\u00e4dhj\u00e4lp i hemmet - St\u00e4dning - Hemst\u00e4dning - Vad kostar st\u00e4dning per timme? Vad ing\u00e5r i st\u00e4dning? VI hj\u00e4lper dig reda ut alla dina fr\u00e5gor!\" \/>\n<meta name=\"robots\" content=\"index, follow, max-snippet:-1, max-image-preview:large, max-video-preview:-1\" \/>\n<link rel=\"canonical\" href=\"https:\/\/yoopies.se\/c\/stadhjalp-i-hemmet-allt-du-behover-veta\/\" \/>\n<meta property=\"og:locale\" content=\"sv_SE\" \/>\n<meta property=\"og:type\" content=\"article\" \/>\n<meta property=\"og:title\" content=\"St\u00e4dhj\u00e4lp i hemmet - allt du beh\u00f6ver veta!\" \/>\n<meta property=\"og:description\" content=\"St\u00e4dhj\u00e4lp i hemmet - St\u00e4dning - Hemst\u00e4dning - Vad kostar st\u00e4dning per timme? Vad ing\u00e5r i st\u00e4dning? VI hj\u00e4lper dig reda ut alla dina fr\u00e5gor!\" \/>\n<meta property=\"og:url\" content=\"https:\/\/yoopies.se\/c\/stadhjalp-i-hemmet-allt-du-behover-veta\/\" \/>\n<meta property=\"og:site_name\" content=\"Yoopies Sverige\" \/>\n<meta property=\"article:modified_time\" content=\"2025-06-12T08:39:12+00:00\" \/>\n<meta property=\"og:image\" content=\"https:\/\/yoopies.se\/c\/wp-content\/uploads\/sites\/16\/2022\/06\/82cd681d-5273-4957-91d7-72f48fd2f395-7.jpg\" \/>\n\t<meta property=\"og:image:width\" content=\"1200\" \/>\n\t<meta property=\"og:image:height\" content=\"800\" \/>\n\t<meta property=\"og:image:type\" content=\"image\/jpeg\" \/>\n<meta name=\"twitter:card\" content=\"summary_large_image\" \/>\n<meta name=\"twitter:label1\" content=\"Ber\u00e4knad l\u00e4stid\" \/>\n\t<meta name=\"twitter:data1\" content=\"4 minuter\" \/>\n<script type=\"application\/ld+json\" class=\"yoast-schema-graph\">{\"@context\":\"https:\/\/schema.org\",\"@graph\":[{\"@type\":\"WebPage\",\"@id\":\"https:\/\/yoopies.se\/c\/stadhjalp-i-hemmet-allt-du-behover-veta\/\",\"url\":\"https:\/\/yoopies.se\/c\/stadhjalp-i-hemmet-allt-du-behover-veta\/\",\"name\":\"St\u00e4dhj\u00e4lp i hemmet - allt du beh\u00f6ver veta!\",\"isPartOf\":{\"@id\":\"https:\/\/yoopies.se\/c\/#website\"},\"primaryImageOfPage\":{\"@id\":\"https:\/\/yoopies.se\/c\/stadhjalp-i-hemmet-allt-du-behover-veta\/#primaryimage\"},\"image\":{\"@id\":\"https:\/\/yoopies.se\/c\/stadhjalp-i-hemmet-allt-du-behover-veta\/#primaryimage\"},\"thumbnailUrl\":\"https:\/\/yoopies.se\/c\/wp-content\/uploads\/sites\/16\/2022\/06\/82cd681d-5273-4957-91d7-72f48fd2f395-7.jpg\",\"datePublished\":\"2022-06-07T12:31:27+00:00\",\"dateModified\":\"2025-06-12T08:39:12+00:00\",\"description\":\"St\u00e4dhj\u00e4lp i hemmet - St\u00e4dning - Hemst\u00e4dning - Vad kostar st\u00e4dning per timme? Vad ing\u00e5r i st\u00e4dning? VI hj\u00e4lper dig reda ut alla dina fr\u00e5gor!\",\"breadcrumb\":{\"@id\":\"https:\/\/yoopies.se\/c\/stadhjalp-i-hemmet-allt-du-behover-veta\/#breadcrumb\"},\"inLanguage\":\"sv-SE\",\"potentialAction\":[{\"@type\":\"ReadAction\",\"target\":[\"https:\/\/yoopies.se\/c\/stadhjalp-i-hemmet-allt-du-behover-veta\/\"]}]},{\"@type\":\"ImageObject\",\"inLanguage\":\"sv-SE\",\"@id\":\"https:\/\/yoopies.se\/c\/stadhjalp-i-hemmet-allt-du-behover-veta\/#primaryimage\",\"url\":\"https:\/\/yoopies.se\/c\/wp-content\/uploads\/sites\/16\/2022\/06\/82cd681d-5273-4957-91d7-72f48fd2f395-7.jpg\",\"contentUrl\":\"https:\/\/yoopies.se\/c\/wp-content\/uploads\/sites\/16\/2022\/06\/82cd681d-5273-4957-91d7-72f48fd2f395-7.jpg\",\"width\":1200,\"height\":800},{\"@type\":\"BreadcrumbList\",\"@id\":\"https:\/\/yoopies.se\/c\/stadhjalp-i-hemmet-allt-du-behover-veta\/#breadcrumb\",\"itemListElement\":[{\"@type\":\"ListItem\",\"position\":1,\"name\":\"Home\",\"item\":\"https:\/\/yoopies.se\/c\/\"},{\"@type\":\"ListItem\",\"position\":2,\"name\":\"St\u00e4dhj\u00e4lp i hemmet &#8211; allt du beh\u00f6ver veta!\"}]},{\"@type\":\"WebSite\",\"@id\":\"https:\/\/yoopies.se\/c\/#website\",\"url\":\"https:\/\/yoopies.se\/c\/\",\"name\":\"Yoopies Sverige\",\"description\":\"\",\"potentialAction\":[{\"@type\":\"SearchAction\",\"target\":{\"@type\":\"EntryPoint\",\"urlTemplate\":\"https:\/\/yoopies.se\/c\/?s={search_term_string}\"},\"query-input\":{\"@type\":\"PropertyValueSpecification\",\"valueRequired\":true,\"valueName\":\"search_term_string\"}}],\"inLanguage\":\"sv-SE\"}]}<\/script>\n<!-- \/ Yoast SEO plugin. -->","yoast_head_json":{"title":"St\u00e4dhj\u00e4lp i hemmet - allt du beh\u00f6ver veta!","description":"St\u00e4dhj\u00e4lp i hemmet - St\u00e4dning - Hemst\u00e4dning - Vad kostar st\u00e4dning per timme? Vad ing\u00e5r i st\u00e4dning? VI hj\u00e4lper dig reda ut alla dina fr\u00e5gor!","robots":{"index":"index","follow":"follow","max-snippet":"max-snippet:-1","max-image-preview":"max-image-preview:large","max-video-preview":"max-video-preview:-1"},"canonical":"https:\/\/yoopies.se\/c\/stadhjalp-i-hemmet-allt-du-behover-veta\/","og_locale":"sv_SE","og_type":"article","og_title":"St\u00e4dhj\u00e4lp i hemmet - allt du beh\u00f6ver veta!","og_description":"St\u00e4dhj\u00e4lp i hemmet - St\u00e4dning - Hemst\u00e4dning - Vad kostar st\u00e4dning per timme? Vad ing\u00e5r i st\u00e4dning? VI hj\u00e4lper dig reda ut alla dina fr\u00e5gor!","og_url":"https:\/\/yoopies.se\/c\/stadhjalp-i-hemmet-allt-du-behover-veta\/","og_site_name":"Yoopies Sverige","article_modified_time":"2025-06-12T08:39:12+00:00","og_image":[{"width":1200,"height":800,"url":"https:\/\/yoopies.se\/c\/wp-content\/uploads\/sites\/16\/2022\/06\/82cd681d-5273-4957-91d7-72f48fd2f395-7.jpg","type":"image\/jpeg"}],"twitter_card":"summary_large_image","twitter_misc":{"Ber\u00e4knad l\u00e4stid":"4 minuter"},"schema":{"@context":"https:\/\/schema.org","@graph":[{"@type":"WebPage","@id":"https:\/\/yoopies.se\/c\/stadhjalp-i-hemmet-allt-du-behover-veta\/","url":"https:\/\/yoopies.se\/c\/stadhjalp-i-hemmet-allt-du-behover-veta\/","name":"St\u00e4dhj\u00e4lp i hemmet - allt du beh\u00f6ver veta!","isPartOf":{"@id":"https:\/\/yoopies.se\/c\/#website"},"primaryImageOfPage":{"@id":"https:\/\/yoopies.se\/c\/stadhjalp-i-hemmet-allt-du-behover-veta\/#primaryimage"},"image":{"@id":"https:\/\/yoopies.se\/c\/stadhjalp-i-hemmet-allt-du-behover-veta\/#primaryimage"},"thumbnailUrl":"https:\/\/yoopies.se\/c\/wp-content\/uploads\/sites\/16\/2022\/06\/82cd681d-5273-4957-91d7-72f48fd2f395-7.jpg","datePublished":"2022-06-07T12:31:27+00:00","dateModified":"2025-06-12T08:39:12+00:00","description":"St\u00e4dhj\u00e4lp i hemmet - St\u00e4dning - Hemst\u00e4dning - Vad kostar st\u00e4dning per timme? Vad ing\u00e5r i st\u00e4dning? VI hj\u00e4lper dig reda ut alla dina fr\u00e5gor!","breadcrumb":{"@id":"https:\/\/yoopies.se\/c\/stadhjalp-i-hemmet-allt-du-behover-veta\/#breadcrumb"},"inLanguage":"sv-SE","potentialAction":[{"@type":"ReadAction","target":["https:\/\/yoopies.se\/c\/stadhjalp-i-hemmet-allt-du-behover-veta\/"]}]},{"@type":"ImageObject","inLanguage":"sv-SE","@id":"https:\/\/yoopies.se\/c\/stadhjalp-i-hemmet-allt-du-behover-veta\/#primaryimage","url":"https:\/\/yoopies.se\/c\/wp-content\/uploads\/sites\/16\/2022\/06\/82cd681d-5273-4957-91d7-72f48fd2f395-7.jpg","contentUrl":"https:\/\/yoopies.se\/c\/wp-content\/uploads\/sites\/16\/2022\/06\/82cd681d-5273-4957-91d7-72f48fd2f395-7.jpg","width":1200,"height":800},{"@type":"BreadcrumbList","@id":"https:\/\/yoopies.se\/c\/stadhjalp-i-hemmet-allt-du-behover-veta\/#breadcrumb","itemListElement":[{"@type":"ListItem","position":1,"name":"Home","item":"https:\/\/yoopies.se\/c\/"},{"@type":"ListItem","position":2,"name":"St\u00e4dhj\u00e4lp i hemmet &#8211; allt du beh\u00f6ver veta!"}]},{"@type":"WebSite","@id":"https:\/\/yoopies.se\/c\/#website","url":"https:\/\/yoopies.se\/c\/","name":"Yoopies Sverige","description":"","potentialAction":[{"@type":"SearchAction","target":{"@type":"EntryPoint","urlTemplate":"https:\/\/yoopies.se\/c\/?s={search_term_string}"},"query-input":{"@type":"PropertyValueSpecification","valueRequired":true,"valueName":"search_term_string"}}],"inLanguage":"sv-SE"}]}},"_links":{"self":[{"href":"https:\/\/yoopies.se\/c\/wp-json\/wp\/v2\/pages\/26","targetHints":{"allow":["GET"]}}],"collection":[{"href":"https:\/\/yoopies.se\/c\/wp-json\/wp\/v2\/pages"}],"about":[{"href":"https:\/\/yoopies.se\/c\/wp-json\/wp\/v2\/types\/page"}],"author":[{"embeddable":true,"href":"https:\/\/yoopies.se\/c\/wp-json\/wp\/v2\/users\/10"}],"replies":[{"embeddable":true,"href":"https:\/\/yoopies.se\/c\/wp-json\/wp\/v2\/comments?post=26"}],"version-history":[{"count":1,"href":"https:\/\/yoopies.se\/c\/wp-json\/wp\/v2\/pages\/26\/revisions"}],"predecessor-version":[{"id":31,"href":"https:\/\/yoopies.se\/c\/wp-json\/wp\/v2\/pages\/26\/revisions\/31"}],"wp:featuredmedia":[{"embeddable":true,"href":"https:\/\/yoopies.se\/c\/wp-json\/wp\/v2\/media\/30"}],"wp:attachment":[{"href":"https:\/\/yoopies.se\/c\/wp-json\/wp\/v2\/media?parent=26"}],"curies":[{"name":"wp","href":"https:\/\/api.w.org\/{rel}","templated":true}]}}