{"id":20,"date":"2022-08-19T12:31:20","date_gmt":"2022-08-19T12:31:20","guid":{"rendered":"https:\/\/blog.yoopies.se\/hundvakt-kattvakt-eller-annan-djurvakt\/"},"modified":"2025-06-12T08:39:12","modified_gmt":"2025-06-12T08:39:12","slug":"hundvakt-kattvakt-eller-annan-djurvakt","status":"publish","type":"page","link":"https:\/\/yoopies.se\/c\/hundvakt-kattvakt-eller-annan-djurvakt\/","title":{"rendered":"Hundvakt, kattvakt eller annan djurvakt &#8211; allt du beh\u00f6ver veta!"},"content":{"rendered":"<p><p class=\"block-img\"><img decoding=\"async\" src=\"https:\/\/yoopies.se\/c\/wp-content\/uploads\/sites\/16\/2022\/08\/yoopies-cms2F2fbcbe4d-5dec-44cf-866a-e1b0dc2c0295_adult-blurred-dog-1109424.jpg\" alt=\"Hundvakt sommaren 2022\"><\/p>\n<h2><strong>Inneh&aring;ll:<\/strong><\/h2>\n<ul>\n<li><a href=\"https:\/\/#h2-2\">Vad &auml;r en djurvakt?<\/a><\/li>\n<li><a href=\"https:\/\/#h2-3\">Att hitta en djurvakt<\/a><\/li>\n<li><a href=\"https:\/\/#h2-3\">Vad kostar det att anst&auml;lla en djurvakt?<\/a><\/li>\n<\/ul>\n<p><strong>Djurvaktsindustrin &auml;r en av de snabbast v&auml;xande branscherna <\/strong>inom omsorgssektorn eftersom fler och fler m&auml;nniskor tar in sina p&auml;lskl&auml;dda v&auml;nner i sina hem! &Auml;ven om det finns <strong>m&aring;nga f&ouml;rdelar med att &auml;ga husdjur<\/strong> och det &auml;r mycket givande att ha ett husdjur i sitt liv, &auml;r det ingen hemlighet att <strong>husdjur beh&ouml;ver tas om hand! <\/strong>F&ouml;r de som har ett fullsp&auml;ckat schema, of&ouml;ruts&auml;gbara arbetstider, familje&aring;taganden eller bara n&auml;r livet kommer i v&auml;gen &auml;r det perfekt att anlita en djurvakt f&ouml;r att hj&auml;lpa dig att hantera livet med ditt husdjur!<\/p>\n<\/p>\n<h2><strong>Vad &auml;r en djurvakt?<\/strong><\/h2>\n<\/p>\n<p>N&auml;r du f&ouml;rst skaffar dig en liten p&auml;lskl&auml;dd v&auml;n finns det s&aring; m&aring;nga sp&auml;nnande f&ouml;rdelar med att ha ett husdjur, men det blir snart uppenbart att vissa djur kr&auml;ver mycket omsorg. Det &auml;r viktigt att se till att ditt husdjur &auml;r s&aring; v&auml;l omh&auml;ndertaget som m&ouml;jligt, trots ditt egna upptagna schema och ditt hektiska familjeliv. <\/p>\n<p><strong>En djurvakt<\/strong> kan d&auml;rf&ouml;r vara en bra l&ouml;sning f&ouml;r att hj&auml;lpa upptagna djur&auml;gare att hantera sina liv genom att erbjuda <strong>en hj&auml;lpande hand<\/strong> med att motionera, mata och ta hand om ditt husdjur n&auml;r djur&auml;garna sj&auml;lva &auml;r upptagna eller bortresta. S&auml;rskilt hundar &auml;r k&auml;nda f&ouml;r sin otroliga anpassningsf&ouml;rm&aring;ga, men en husdjursvakt kan vara en stor k&auml;lla till stabilitet i djurets liv. Att ha en l&auml;mplig och stabil rutin kan g&ouml;ra en verklig skillnad i ett husdjurs beteende och d&auml;rmed g&ouml;ra ditt liv som husdjurs&auml;gare mycket enklare! <\/p>\n<p>En djurvakt kan anlitas p&aring; kort eller l&aring;ng sikt, p&aring; regelbunden basis eller bara n&auml;r du &auml;r tillf&auml;lligt otillg&auml;nglig. Om du vill veta allt du beh&ouml;ver veta om djurvakter, vad de kan g&ouml;ra f&ouml;r dig och ditt husdjur och varf&ouml;r det &auml;r en bra id&eacute; att anlita en, kan du l&auml;sa den ultimata guiden om djurvakter <a href=\"https:\/\/yoopies.co.uk\/c\/pet-sitting\/what-is-a-petsitter\">h&auml;r.<\/a><\/p>\n<p class=\"block-img\"><img decoding=\"async\" src=\"https:\/\/yoopies.se\/c\/wp-content\/uploads\/sites\/16\/2022\/08\/7109ad16-0c63-47eb-a165-0008a4a21366_pexels-blue-bird-7210349.jpg\" alt=\"Hundvakt \"><\/p>\n<h2><strong>Att hitta en djurvakt<\/strong><\/h2>\n<\/p>\n<p>N&auml;r det g&auml;ller att hitta en bra husdjursvakt finns det ett antal olika s&auml;tt att anst&auml;lla. Det finns ett stort antal djursk&ouml;tare som erbjuder sina individuella tj&auml;nster p&aring; internet via omsorgsplattformar eller som annonserar sig sj&auml;lva i lokala nyhetstidningar eller p&aring; jobbsajter. Om du vill ha en mer f&ouml;retagst&auml;ckande tj&auml;nst finns det byr&aring;er som erbjuder dedikerade djurpassningstj&auml;nster, men dessa kan vara dyrare &auml;n genomsnittet och &auml;r inte &ouml;verkomliga f&ouml;r alla. <\/p>\n<p>N&auml;r du har hittat n&aring;gra potentiella s&ouml;kande &auml;r det <strong>viktigt att genomf&ouml;ra ordentliga intervjuer och noggranna kontroller<\/strong> f&ouml;r att se till att du har hittat en l&auml;mplig person f&ouml;r dig och ditt husdjur. F&ouml;r att se till att du<strong> kontrollerar den s&ouml;kandes bakgrund, referenser och f&ouml;rm&aring;gor <\/strong>ordentligt, samt f&ouml;r att se till att de interagerar bra med ditt husdjur, &auml;r det ofta tillr&aring;dligt att erbjuda ett provpass innan du ger ett formellt jobberbjudande. <\/p>\n<p class=\"block-img\"><img decoding=\"async\" src=\"https:\/\/yoopies.se\/c\/wp-content\/uploads\/sites\/16\/2022\/08\/918aa917-df86-4e28-98d9-6e2a1f671026_pexels-cats-coming-1359292.jpg\" alt=\"Kattvakt n&auml;ra mig\"><\/p>\n<h2><strong>Vad kostar det att anst&auml;lla en djurvakt?<\/strong><\/h2>\n<\/p>\n<p>Den genomsnittliga kostnaden f&ouml;r att passa husdjur varierar beroende p&aring; ett antal faktorer, bland annat <strong>var du bor, vilken typ av husdjur du har, vilka tj&auml;nster du och ditt husdjur beh&ouml;ver med mera<\/strong>. Att &auml;ga ett husdjur medf&ouml;r en m&auml;ngd ov&auml;ntade kostnader och regelbunden djurpassning kan verka som en extra kostnad, men det kan faktiskt vara en <strong>ekonomiskt f&ouml;rdelaktig l&ouml;sning <\/strong>i det l&aring;nga loppet.<\/p>\n<p>Om du m&aring;ste &aring;ka bort &ouml;ver natten eller under en l&auml;ngre tid kan en djurvakt erbjuda <strong>mycket mer prisv&auml;rda l&ouml;sningar<\/strong> j&auml;mf&ouml;rt med djurhotell.<\/p>\n<\/p>\n<p><a class=\"button\" href=\"https:\/\/yoopies.se\/djurpassning\">Hitta den perfekta djurvakten f\u00f6r just dig och ditt husdjur!<\/a><\/p>\n","protected":false},"excerpt":{"rendered":"<p>Inneh&aring;ll: Vad &auml;r en djurvakt? Att hitta en djurvakt Vad kostar det att anst&auml;lla en &hellip; <\/p>\n","protected":false},"author":10,"featured_media":24,"parent":0,"menu_order":0,"comment_status":"closed","ping_status":"closed","template":"","meta":{"_acf_changed":false,"footnotes":""},"class_list":["post-20","page","type-page","status-publish","has-post-thumbnail","hentry"],"acf":[],"yoast_head":"<!-- This site is optimized with the Yoast SEO plugin v26.9 - https:\/\/yoast.com\/product\/yoast-seo-wordpress\/ -->\n<title>Hundvakt, kattvakt eller annan djurvakt?<\/title>\n<meta name=\"description\" content=\"Vad kostar en hundvakt? Var hittar jag den perfekta kattvakten? Beh\u00f6ver du en kattvakt inf\u00f6r semestern? Vi har sammanfattat allt du beh\u00f6ver veta!\u00a0\" \/>\n<meta name=\"robots\" content=\"index, follow, max-snippet:-1, max-image-preview:large, max-video-preview:-1\" \/>\n<link rel=\"canonical\" href=\"https:\/\/yoopies.se\/c\/hundvakt-kattvakt-eller-annan-djurvakt\/\" \/>\n<meta property=\"og:locale\" content=\"sv_SE\" \/>\n<meta property=\"og:type\" content=\"article\" \/>\n<meta property=\"og:title\" content=\"Hundvakt, kattvakt eller annan djurvakt?\" \/>\n<meta property=\"og:description\" content=\"Vad kostar en hundvakt? Var hittar jag den perfekta kattvakten? Beh\u00f6ver du en kattvakt inf\u00f6r semestern? Vi har sammanfattat allt du beh\u00f6ver veta!\u00a0\" \/>\n<meta property=\"og:url\" content=\"https:\/\/yoopies.se\/c\/hundvakt-kattvakt-eller-annan-djurvakt\/\" \/>\n<meta property=\"og:site_name\" content=\"Yoopies Sverige\" \/>\n<meta property=\"article:modified_time\" content=\"2025-06-12T08:39:12+00:00\" \/>\n<meta property=\"og:image\" content=\"https:\/\/yoopies.se\/c\/wp-content\/uploads\/sites\/16\/2022\/08\/f386fa75-938a-4528-82e8-86b6da8adcc0-untitleddesign28229.jpg\" \/>\n\t<meta property=\"og:image:width\" content=\"1200\" \/>\n\t<meta property=\"og:image:height\" content=\"800\" \/>\n\t<meta property=\"og:image:type\" content=\"image\/jpeg\" \/>\n<meta name=\"twitter:card\" content=\"summary_large_image\" \/>\n<meta name=\"twitter:label1\" content=\"Ber\u00e4knad l\u00e4stid\" \/>\n\t<meta name=\"twitter:data1\" content=\"4 minuter\" \/>\n<script type=\"application\/ld+json\" class=\"yoast-schema-graph\">{\"@context\":\"https:\/\/schema.org\",\"@graph\":[{\"@type\":\"WebPage\",\"@id\":\"https:\/\/yoopies.se\/c\/hundvakt-kattvakt-eller-annan-djurvakt\/\",\"url\":\"https:\/\/yoopies.se\/c\/hundvakt-kattvakt-eller-annan-djurvakt\/\",\"name\":\"Hundvakt, kattvakt eller annan djurvakt?\",\"isPartOf\":{\"@id\":\"https:\/\/yoopies.se\/c\/#website\"},\"primaryImageOfPage\":{\"@id\":\"https:\/\/yoopies.se\/c\/hundvakt-kattvakt-eller-annan-djurvakt\/#primaryimage\"},\"image\":{\"@id\":\"https:\/\/yoopies.se\/c\/hundvakt-kattvakt-eller-annan-djurvakt\/#primaryimage\"},\"thumbnailUrl\":\"https:\/\/yoopies.se\/c\/wp-content\/uploads\/sites\/16\/2022\/08\/f386fa75-938a-4528-82e8-86b6da8adcc0-untitleddesign28229.jpg\",\"datePublished\":\"2022-08-19T12:31:20+00:00\",\"dateModified\":\"2025-06-12T08:39:12+00:00\",\"description\":\"Vad kostar en hundvakt? Var hittar jag den perfekta kattvakten? Beh\u00f6ver du en kattvakt inf\u00f6r semestern? Vi har sammanfattat allt du beh\u00f6ver veta!\u00a0\",\"breadcrumb\":{\"@id\":\"https:\/\/yoopies.se\/c\/hundvakt-kattvakt-eller-annan-djurvakt\/#breadcrumb\"},\"inLanguage\":\"sv-SE\",\"potentialAction\":[{\"@type\":\"ReadAction\",\"target\":[\"https:\/\/yoopies.se\/c\/hundvakt-kattvakt-eller-annan-djurvakt\/\"]}]},{\"@type\":\"ImageObject\",\"inLanguage\":\"sv-SE\",\"@id\":\"https:\/\/yoopies.se\/c\/hundvakt-kattvakt-eller-annan-djurvakt\/#primaryimage\",\"url\":\"https:\/\/yoopies.se\/c\/wp-content\/uploads\/sites\/16\/2022\/08\/f386fa75-938a-4528-82e8-86b6da8adcc0-untitleddesign28229.jpg\",\"contentUrl\":\"https:\/\/yoopies.se\/c\/wp-content\/uploads\/sites\/16\/2022\/08\/f386fa75-938a-4528-82e8-86b6da8adcc0-untitleddesign28229.jpg\",\"width\":1200,\"height\":800},{\"@type\":\"BreadcrumbList\",\"@id\":\"https:\/\/yoopies.se\/c\/hundvakt-kattvakt-eller-annan-djurvakt\/#breadcrumb\",\"itemListElement\":[{\"@type\":\"ListItem\",\"position\":1,\"name\":\"Home\",\"item\":\"https:\/\/yoopies.se\/c\/\"},{\"@type\":\"ListItem\",\"position\":2,\"name\":\"Hundvakt, kattvakt eller annan djurvakt &#8211; allt du beh\u00f6ver veta!\"}]},{\"@type\":\"WebSite\",\"@id\":\"https:\/\/yoopies.se\/c\/#website\",\"url\":\"https:\/\/yoopies.se\/c\/\",\"name\":\"Yoopies Sverige\",\"description\":\"\",\"potentialAction\":[{\"@type\":\"SearchAction\",\"target\":{\"@type\":\"EntryPoint\",\"urlTemplate\":\"https:\/\/yoopies.se\/c\/?s={search_term_string}\"},\"query-input\":{\"@type\":\"PropertyValueSpecification\",\"valueRequired\":true,\"valueName\":\"search_term_string\"}}],\"inLanguage\":\"sv-SE\"}]}<\/script>\n<!-- \/ Yoast SEO plugin. -->","yoast_head_json":{"title":"Hundvakt, kattvakt eller annan djurvakt?","description":"Vad kostar en hundvakt? Var hittar jag den perfekta kattvakten? Beh\u00f6ver du en kattvakt inf\u00f6r semestern? Vi har sammanfattat allt du beh\u00f6ver veta!\u00a0","robots":{"index":"index","follow":"follow","max-snippet":"max-snippet:-1","max-image-preview":"max-image-preview:large","max-video-preview":"max-video-preview:-1"},"canonical":"https:\/\/yoopies.se\/c\/hundvakt-kattvakt-eller-annan-djurvakt\/","og_locale":"sv_SE","og_type":"article","og_title":"Hundvakt, kattvakt eller annan djurvakt?","og_description":"Vad kostar en hundvakt? Var hittar jag den perfekta kattvakten? Beh\u00f6ver du en kattvakt inf\u00f6r semestern? Vi har sammanfattat allt du beh\u00f6ver veta!\u00a0","og_url":"https:\/\/yoopies.se\/c\/hundvakt-kattvakt-eller-annan-djurvakt\/","og_site_name":"Yoopies Sverige","article_modified_time":"2025-06-12T08:39:12+00:00","og_image":[{"width":1200,"height":800,"url":"https:\/\/yoopies.se\/c\/wp-content\/uploads\/sites\/16\/2022\/08\/f386fa75-938a-4528-82e8-86b6da8adcc0-untitleddesign28229.jpg","type":"image\/jpeg"}],"twitter_card":"summary_large_image","twitter_misc":{"Ber\u00e4knad l\u00e4stid":"4 minuter"},"schema":{"@context":"https:\/\/schema.org","@graph":[{"@type":"WebPage","@id":"https:\/\/yoopies.se\/c\/hundvakt-kattvakt-eller-annan-djurvakt\/","url":"https:\/\/yoopies.se\/c\/hundvakt-kattvakt-eller-annan-djurvakt\/","name":"Hundvakt, kattvakt eller annan djurvakt?","isPartOf":{"@id":"https:\/\/yoopies.se\/c\/#website"},"primaryImageOfPage":{"@id":"https:\/\/yoopies.se\/c\/hundvakt-kattvakt-eller-annan-djurvakt\/#primaryimage"},"image":{"@id":"https:\/\/yoopies.se\/c\/hundvakt-kattvakt-eller-annan-djurvakt\/#primaryimage"},"thumbnailUrl":"https:\/\/yoopies.se\/c\/wp-content\/uploads\/sites\/16\/2022\/08\/f386fa75-938a-4528-82e8-86b6da8adcc0-untitleddesign28229.jpg","datePublished":"2022-08-19T12:31:20+00:00","dateModified":"2025-06-12T08:39:12+00:00","description":"Vad kostar en hundvakt? Var hittar jag den perfekta kattvakten? Beh\u00f6ver du en kattvakt inf\u00f6r semestern? Vi har sammanfattat allt du beh\u00f6ver veta!\u00a0","breadcrumb":{"@id":"https:\/\/yoopies.se\/c\/hundvakt-kattvakt-eller-annan-djurvakt\/#breadcrumb"},"inLanguage":"sv-SE","potentialAction":[{"@type":"ReadAction","target":["https:\/\/yoopies.se\/c\/hundvakt-kattvakt-eller-annan-djurvakt\/"]}]},{"@type":"ImageObject","inLanguage":"sv-SE","@id":"https:\/\/yoopies.se\/c\/hundvakt-kattvakt-eller-annan-djurvakt\/#primaryimage","url":"https:\/\/yoopies.se\/c\/wp-content\/uploads\/sites\/16\/2022\/08\/f386fa75-938a-4528-82e8-86b6da8adcc0-untitleddesign28229.jpg","contentUrl":"https:\/\/yoopies.se\/c\/wp-content\/uploads\/sites\/16\/2022\/08\/f386fa75-938a-4528-82e8-86b6da8adcc0-untitleddesign28229.jpg","width":1200,"height":800},{"@type":"BreadcrumbList","@id":"https:\/\/yoopies.se\/c\/hundvakt-kattvakt-eller-annan-djurvakt\/#breadcrumb","itemListElement":[{"@type":"ListItem","position":1,"name":"Home","item":"https:\/\/yoopies.se\/c\/"},{"@type":"ListItem","position":2,"name":"Hundvakt, kattvakt eller annan djurvakt &#8211; allt du beh\u00f6ver veta!"}]},{"@type":"WebSite","@id":"https:\/\/yoopies.se\/c\/#website","url":"https:\/\/yoopies.se\/c\/","name":"Yoopies Sverige","description":"","potentialAction":[{"@type":"SearchAction","target":{"@type":"EntryPoint","urlTemplate":"https:\/\/yoopies.se\/c\/?s={search_term_string}"},"query-input":{"@type":"PropertyValueSpecification","valueRequired":true,"valueName":"search_term_string"}}],"inLanguage":"sv-SE"}]}},"_links":{"self":[{"href":"https:\/\/yoopies.se\/c\/wp-json\/wp\/v2\/pages\/20","targetHints":{"allow":["GET"]}}],"collection":[{"href":"https:\/\/yoopies.se\/c\/wp-json\/wp\/v2\/pages"}],"about":[{"href":"https:\/\/yoopies.se\/c\/wp-json\/wp\/v2\/types\/page"}],"author":[{"embeddable":true,"href":"https:\/\/yoopies.se\/c\/wp-json\/wp\/v2\/users\/10"}],"replies":[{"embeddable":true,"href":"https:\/\/yoopies.se\/c\/wp-json\/wp\/v2\/comments?post=20"}],"version-history":[{"count":1,"href":"https:\/\/yoopies.se\/c\/wp-json\/wp\/v2\/pages\/20\/revisions"}],"predecessor-version":[{"id":25,"href":"https:\/\/yoopies.se\/c\/wp-json\/wp\/v2\/pages\/20\/revisions\/25"}],"wp:featuredmedia":[{"embeddable":true,"href":"https:\/\/yoopies.se\/c\/wp-json\/wp\/v2\/media\/24"}],"wp:attachment":[{"href":"https:\/\/yoopies.se\/c\/wp-json\/wp\/v2\/media?parent=20"}],"curies":[{"name":"wp","href":"https:\/\/api.w.org\/{rel}","templated":true}]}}