{"id":11,"date":"2022-08-19T12:32:05","date_gmt":"2022-08-19T12:32:05","guid":{"rendered":"https:\/\/blog.yoopies.se\/jobb-for-ukrainska-flyktingar\/"},"modified":"2025-06-12T08:39:12","modified_gmt":"2025-06-12T08:39:12","slug":"jobb-for-ukrainska-flyktingar","status":"publish","type":"page","link":"https:\/\/yoopies.se\/c\/jobb-for-ukrainska-flyktingar\/","title":{"rendered":"Jobb f\u00f6r ukrainska flyktingar via Yoopies"},"content":{"rendered":"<p><p>Vad g&auml;ller om jag vill anst&auml;lla en ukrainare? Hur p&aring;verkar massflyktsdirektivet mig som blivande arbetsgivare till ukrainare? <\/p>\n<\/p>\n<p><a class=\"button\" href=\"https:\/\/yoopies.se\/c\/\u043f\u043e\u0440\u0430\u0434\u0438-\u0449\u043e\u0434\u043e-\u043f\u043e\u0448\u0443\u043a\u0443-\u0440\u043e\u0431\u043e\u0442\u0438-\u0432-\u0448\u0432\u0435\u0446\u0456\u0456\">\u0456\u043d\u0444\u043e\u0440\u043c\u0430\u0446\u0456\u044f \u0443\u043a\u0440\u0430\u0457\u043d\u0441\u044c\u043a\u043e\u044e \u043c\u043e\u0432\u043e\u044e<\/a><\/p>\n<p><p>Med anledning av krisen i Ukraina har <a href=\"http:\/\/yoopies.se\">Yoopies<\/a>, <a href=\"http:\/\/worklife.io\">Worklife<\/a>-gruppens plattform f&ouml;r hemtj&auml;nster, lanserat en st&ouml;dverksamhet f&ouml;r att hj&auml;lpa ukrainska flyktingar att hitta jobb och marknadsf&ouml;ra deras annonser p&aring; plattformen. Alla ukrainare som s&ouml;ker jobb kan registrera sig via sidan och f&aring;r automatiskt h&ouml;gsta synlighet p&aring; hemsidan f&ouml;r att maximera jobbchanserna.&nbsp;<\/p>\n<h2>Inneh&aring;ll<\/h2>\n<ul>\n<li><a href=\"https:\/\/#h2-2\">Yoopies initiativ<\/a><\/li>\n<li><a href=\"https:\/\/#h2-3\">Vad ska jag t&auml;nka p&aring; n&auml;r jag anst&auml;ller en person fr&aring;n Ukraina?<\/a><\/li>\n<li><a href=\"https:\/\/#h2-4\">Hur p&aring;verkar massflyktsdirektivet anst&auml;llningen?<\/a><\/li>\n<\/ul>\n<p><h2>Yoopies initiativ<\/h2>\n<\/p>\n<p>Drygt 27 000 ukrainare, mestadels kvinnor och barn, har tagits emot i Sverige sedan den ryska invasionen av deras land inleddes, enligt uppgifter fr&aring;n Migrationsverket. Med grund i detta vill hemtj&auml;nstplattformen Yoopies underl&auml;tta i deras yrkesm&auml;ssiga integration och har d&auml;rmed skapat en ny funktion p&aring; plattformen &#8211; &#8221;Arbetare fr&aring;n Ukraina&#8221;.&nbsp;<\/p>\n<p class=\"block-img\"><img decoding=\"async\" src=\"https:\/\/yoopies.se\/c\/wp-content\/uploads\/sites\/16\/2022\/08\/4f3b5acd-a8b2-422c-a024-9e6b8c1613fb_Screenshot2022-05-12at09.30.28.jpg\" alt=\"Jobb f&ouml;r ukrainska flyktingar via Yoopies\"><\/p>\n<p class=\"block-img\"><img decoding=\"async\" src=\"https:\/\/yoopies.se\/c\/wp-content\/uploads\/sites\/16\/2022\/08\/4c8cf0f6-cf27-4047-93f0-9a0f485b0303_Screenshot2022-05-12at09.32.11.jpg\" alt=\"Yoopies kampanj f&ouml;r att underl&auml;tta ukrainska flyktingars yrkesm&auml;ssiga integration \"><\/p>\n<p>Alla ukrainska profiler p&aring; plattformen har <strong>h&ouml;gsta synlighet<\/strong>, och hamnar automatiskt <strong>h&ouml;gst upp p&aring; sidan<\/strong> med kandidater som erbjuder arbete f&ouml;r att<strong> maximera jobbm&ouml;jligheterna.<\/strong> Vidare kan familjer n&auml;r de letar efter en v&aring;rdgivare eller st&auml;dhj&auml;lp p&aring; plattformen via ett <strong>s&ouml;kfilter<\/strong> identifiera ukrainska arbetstagares profiler och st&ouml;dja dem genom att anv&auml;nda deras tj&auml;nster.<\/p>\n<p>Initiativet har lanserats i alla de 17 europeiska l&auml;nder d&auml;r Yoopies &auml;r verksamma: Belgien, Danmark, Finland, Frankrike, Italien, Litauen, Luxemburg, Norge, Polen, Portugal, Spanien, Sverige, Schweiz, Storbritannien, Tyskland och &Ouml;sterrike, och flera hundra nya ukrainska profiler har registrerats p&aring; plattformen runtom i Europa sedan initiativet lanserades tisdagen den 19 april.<\/p>\n<\/p>\n<p><a class=\"button\" href=\"https:\/\/www.yoopies.se\">Hitta ukrainska arbetstagare p\u00e5 Yoopies plattform!<\/a><\/p>\n<p><h2>Vad ska jag t&auml;nka p&aring; n&auml;r jag anst&auml;ller en person fr&aring;n Ukraina?<\/h2>\n<\/p>\n<p>F&ouml;r att ukrainska medborgare p&aring; flykt ska ha r&auml;tt att arbeta i Sverige beh&ouml;ver de r<strong>egistrera sig<\/strong>&nbsp;hos&nbsp;<a target=\"_blank\" rel=\"noopener\" href=\"https:\/\/www.migrationsverket.se\/\">Migrationsverket<\/a>.&nbsp;<strong>Det &auml;r straffbart f&ouml;r arbetsgivare att anst&auml;lla tredjelandsmedborgare som saknar arbetstillst&aring;nd.&nbsp;<\/strong>D&auml;rf&ouml;r &auml;r det viktigt att du som arbetsgivare kontrollerar individens r&auml;tt att vistas och arbeta i Sverige. <\/p>\n<p>Individen ska kunna visa upp ett beslut om arbetstillst&aring;nd fr&aring;n Migrationsverket.&nbsp;Eftersom det &auml;r straffbart f&ouml;r arbetsgivare att anst&auml;lla tredjelandsmedborgare som saknar arbetstillst&aring;nd ska du som arbetsgivare &auml;ven <strong>ta en kopia p&aring; arbetstillst&aring;ndet.<\/strong><\/p>\n<p><a href=\"https:\/\/www.skatteverket.se\/foretag\/arbetsgivare\/internationellanstallning\/anstallningavtredjelandsmedborgare.4.353fa3f313ec5f91b95ba1.html\">En anm&auml;lan om anst&auml;llningen<\/a> ska g&ouml;ras till Skatteverket senast den 12:e m&aring;naden efter att anst&auml;llningen p&aring;b&ouml;rjats.<\/p>\n<\/p>\n<h2>Hur p&aring;verkar <a href=\"https:\/\/www.migrationsverket.se\/Om-Migrationsverket\/Pressrum\/Nyhetsarkiv\/Nyhetsarkiv-2022\/2022-03-04-EU-har-aktiverat-massflyktsdirektivet.html\">massflyktsdirektivet<\/a> anst&auml;llningen?<\/h2>\n<\/p>\n<p>Ukraina &auml;r utanf&ouml;r EU\/EES och ukrainare beh&ouml;ver d&auml;rf&ouml;r ha uppeh&aring;llstillst&aring;nd och arbetstillst&aring;nd f&ouml;r att arbeta i Sverige. EU:s medlemsstater har fattat beslut om att aktivera det s&aring; kallade massflyktsdirektivet, vilket inneb&auml;r att det inte kr&auml;vs n&aring;gon individuell pr&ouml;vning f&ouml;r att besluta om uppeh&aring;lls- och arbetstillst&aring;ndet f&ouml;r de som flyr Ukraina. Tillst&aring;ndet &auml;r tidsbegr&auml;nsat.<\/p>\n<p>Vid ankomst till Sverige ska personerna <strong>identifiera sig, registreras, fotograferas och l&auml;mna fingeravtryck.<\/strong> I normalfallet r&auml;cker det f&ouml;r att f&aring; ett <strong>uppeh&aring;lls- och arbetstillst&aring;nd<\/strong> i enlighet med direktivet.<\/p>\n<p>Direktivet g&auml;ller de som &auml;r:<\/p>\n<ul>\n<li>ukrainska medborgare som var bosatta i Ukraina f&ouml;re den 24 februari 2022, eller<\/li>\n<li>hade skyddsstatus i Ukraina f&ouml;re den 24 februari 2022, eller<\/li>\n<li>&auml;r familjemedlemmar till de tv&aring; ovanst&aring;ende.<\/li>\n<\/ul>\n<p><a class=\"button\" href=\"https:\/\/arbetsformedlingen.se\/for-arbetsgivare\/tips-inspiration-och-nyheter\/nyheter\/2022-03-18-att-anstalla-en-person-fran-ukraina\">Arbetsf\u00f6rmedlingen &#8211; Att anst\u00e4lla en person fr\u00e5n Ukraina <\/a><\/p>\n<p><p>Om ni har n&aring;gra fr&aring;gor eller s&ouml;ker efter mer information, tveka inte att kontakta oss p&aring; <strong>caroline@worklife.io<\/strong> eller +46 10-888 79 85.<\/p><\/p>\n","protected":false},"excerpt":{"rendered":"<p>Vad g&auml;ller om jag vill anst&auml;lla en ukrainare? Hur p&aring;verkar massflyktsdirektivet mig som blivande arbetsgivare &hellip; <\/p>\n","protected":false},"author":10,"featured_media":14,"parent":0,"menu_order":0,"comment_status":"closed","ping_status":"closed","template":"","meta":{"_acf_changed":false,"footnotes":""},"class_list":["post-11","page","type-page","status-publish","has-post-thumbnail","hentry"],"acf":[],"yoast_head":"<!-- This site is optimized with the Yoast SEO plugin v26.9 - https:\/\/yoast.com\/product\/yoast-seo-wordpress\/ -->\n<title>Jobb f\u00f6r ukrainska flyktingar via Yoopies<\/title>\n<meta name=\"description\" content=\"Vad g\u00e4ller om jag vill anst\u00e4lla en ukrainare? Hur p\u00e5verkar massflyktsdirektivet mig som blivande arbetsgivare till ukrainare? Hitta svar h\u00e4r!\" \/>\n<meta name=\"robots\" content=\"index, follow, max-snippet:-1, max-image-preview:large, max-video-preview:-1\" \/>\n<link rel=\"canonical\" href=\"https:\/\/yoopies.se\/c\/jobb-for-ukrainska-flyktingar\/\" \/>\n<meta property=\"og:locale\" content=\"sv_SE\" \/>\n<meta property=\"og:type\" content=\"article\" \/>\n<meta property=\"og:title\" content=\"Jobb f\u00f6r ukrainska flyktingar via Yoopies\" \/>\n<meta property=\"og:description\" content=\"Vad g\u00e4ller om jag vill anst\u00e4lla en ukrainare? Hur p\u00e5verkar massflyktsdirektivet mig som blivande arbetsgivare till ukrainare? Hitta svar h\u00e4r!\" \/>\n<meta property=\"og:url\" content=\"https:\/\/yoopies.se\/c\/jobb-for-ukrainska-flyktingar\/\" \/>\n<meta property=\"og:site_name\" content=\"Yoopies Sverige\" \/>\n<meta property=\"article:modified_time\" content=\"2025-06-12T08:39:12+00:00\" \/>\n<meta property=\"og:image\" content=\"https:\/\/yoopies.se\/c\/wp-content\/uploads\/sites\/16\/2022\/08\/89e306bb-d4ca-44a0-8cf1-23bff2172e3d-pexels-fauxels-318446528129.jpg\" \/>\n\t<meta property=\"og:image:width\" content=\"1200\" \/>\n\t<meta property=\"og:image:height\" content=\"800\" \/>\n\t<meta property=\"og:image:type\" content=\"image\/jpeg\" \/>\n<meta name=\"twitter:card\" content=\"summary_large_image\" \/>\n<meta name=\"twitter:label1\" content=\"Ber\u00e4knad l\u00e4stid\" \/>\n\t<meta name=\"twitter:data1\" content=\"4 minuter\" \/>\n<script type=\"application\/ld+json\" class=\"yoast-schema-graph\">{\"@context\":\"https:\/\/schema.org\",\"@graph\":[{\"@type\":\"WebPage\",\"@id\":\"https:\/\/yoopies.se\/c\/jobb-for-ukrainska-flyktingar\/\",\"url\":\"https:\/\/yoopies.se\/c\/jobb-for-ukrainska-flyktingar\/\",\"name\":\"Jobb f\u00f6r ukrainska flyktingar via Yoopies\",\"isPartOf\":{\"@id\":\"https:\/\/yoopies.se\/c\/#website\"},\"primaryImageOfPage\":{\"@id\":\"https:\/\/yoopies.se\/c\/jobb-for-ukrainska-flyktingar\/#primaryimage\"},\"image\":{\"@id\":\"https:\/\/yoopies.se\/c\/jobb-for-ukrainska-flyktingar\/#primaryimage\"},\"thumbnailUrl\":\"https:\/\/yoopies.se\/c\/wp-content\/uploads\/sites\/16\/2022\/08\/89e306bb-d4ca-44a0-8cf1-23bff2172e3d-pexels-fauxels-318446528129.jpg\",\"datePublished\":\"2022-08-19T12:32:05+00:00\",\"dateModified\":\"2025-06-12T08:39:12+00:00\",\"description\":\"Vad g\u00e4ller om jag vill anst\u00e4lla en ukrainare? Hur p\u00e5verkar massflyktsdirektivet mig som blivande arbetsgivare till ukrainare? Hitta svar h\u00e4r!\",\"breadcrumb\":{\"@id\":\"https:\/\/yoopies.se\/c\/jobb-for-ukrainska-flyktingar\/#breadcrumb\"},\"inLanguage\":\"sv-SE\",\"potentialAction\":[{\"@type\":\"ReadAction\",\"target\":[\"https:\/\/yoopies.se\/c\/jobb-for-ukrainska-flyktingar\/\"]}]},{\"@type\":\"ImageObject\",\"inLanguage\":\"sv-SE\",\"@id\":\"https:\/\/yoopies.se\/c\/jobb-for-ukrainska-flyktingar\/#primaryimage\",\"url\":\"https:\/\/yoopies.se\/c\/wp-content\/uploads\/sites\/16\/2022\/08\/89e306bb-d4ca-44a0-8cf1-23bff2172e3d-pexels-fauxels-318446528129.jpg\",\"contentUrl\":\"https:\/\/yoopies.se\/c\/wp-content\/uploads\/sites\/16\/2022\/08\/89e306bb-d4ca-44a0-8cf1-23bff2172e3d-pexels-fauxels-318446528129.jpg\",\"width\":1200,\"height\":800},{\"@type\":\"BreadcrumbList\",\"@id\":\"https:\/\/yoopies.se\/c\/jobb-for-ukrainska-flyktingar\/#breadcrumb\",\"itemListElement\":[{\"@type\":\"ListItem\",\"position\":1,\"name\":\"Home\",\"item\":\"https:\/\/yoopies.se\/c\/\"},{\"@type\":\"ListItem\",\"position\":2,\"name\":\"Jobb f\u00f6r ukrainska flyktingar via Yoopies\"}]},{\"@type\":\"WebSite\",\"@id\":\"https:\/\/yoopies.se\/c\/#website\",\"url\":\"https:\/\/yoopies.se\/c\/\",\"name\":\"Yoopies Sverige\",\"description\":\"\",\"potentialAction\":[{\"@type\":\"SearchAction\",\"target\":{\"@type\":\"EntryPoint\",\"urlTemplate\":\"https:\/\/yoopies.se\/c\/?s={search_term_string}\"},\"query-input\":{\"@type\":\"PropertyValueSpecification\",\"valueRequired\":true,\"valueName\":\"search_term_string\"}}],\"inLanguage\":\"sv-SE\"}]}<\/script>\n<!-- \/ Yoast SEO plugin. -->","yoast_head_json":{"title":"Jobb f\u00f6r ukrainska flyktingar via Yoopies","description":"Vad g\u00e4ller om jag vill anst\u00e4lla en ukrainare? Hur p\u00e5verkar massflyktsdirektivet mig som blivande arbetsgivare till ukrainare? Hitta svar h\u00e4r!","robots":{"index":"index","follow":"follow","max-snippet":"max-snippet:-1","max-image-preview":"max-image-preview:large","max-video-preview":"max-video-preview:-1"},"canonical":"https:\/\/yoopies.se\/c\/jobb-for-ukrainska-flyktingar\/","og_locale":"sv_SE","og_type":"article","og_title":"Jobb f\u00f6r ukrainska flyktingar via Yoopies","og_description":"Vad g\u00e4ller om jag vill anst\u00e4lla en ukrainare? Hur p\u00e5verkar massflyktsdirektivet mig som blivande arbetsgivare till ukrainare? Hitta svar h\u00e4r!","og_url":"https:\/\/yoopies.se\/c\/jobb-for-ukrainska-flyktingar\/","og_site_name":"Yoopies Sverige","article_modified_time":"2025-06-12T08:39:12+00:00","og_image":[{"width":1200,"height":800,"url":"https:\/\/yoopies.se\/c\/wp-content\/uploads\/sites\/16\/2022\/08\/89e306bb-d4ca-44a0-8cf1-23bff2172e3d-pexels-fauxels-318446528129.jpg","type":"image\/jpeg"}],"twitter_card":"summary_large_image","twitter_misc":{"Ber\u00e4knad l\u00e4stid":"4 minuter"},"schema":{"@context":"https:\/\/schema.org","@graph":[{"@type":"WebPage","@id":"https:\/\/yoopies.se\/c\/jobb-for-ukrainska-flyktingar\/","url":"https:\/\/yoopies.se\/c\/jobb-for-ukrainska-flyktingar\/","name":"Jobb f\u00f6r ukrainska flyktingar via Yoopies","isPartOf":{"@id":"https:\/\/yoopies.se\/c\/#website"},"primaryImageOfPage":{"@id":"https:\/\/yoopies.se\/c\/jobb-for-ukrainska-flyktingar\/#primaryimage"},"image":{"@id":"https:\/\/yoopies.se\/c\/jobb-for-ukrainska-flyktingar\/#primaryimage"},"thumbnailUrl":"https:\/\/yoopies.se\/c\/wp-content\/uploads\/sites\/16\/2022\/08\/89e306bb-d4ca-44a0-8cf1-23bff2172e3d-pexels-fauxels-318446528129.jpg","datePublished":"2022-08-19T12:32:05+00:00","dateModified":"2025-06-12T08:39:12+00:00","description":"Vad g\u00e4ller om jag vill anst\u00e4lla en ukrainare? Hur p\u00e5verkar massflyktsdirektivet mig som blivande arbetsgivare till ukrainare? Hitta svar h\u00e4r!","breadcrumb":{"@id":"https:\/\/yoopies.se\/c\/jobb-for-ukrainska-flyktingar\/#breadcrumb"},"inLanguage":"sv-SE","potentialAction":[{"@type":"ReadAction","target":["https:\/\/yoopies.se\/c\/jobb-for-ukrainska-flyktingar\/"]}]},{"@type":"ImageObject","inLanguage":"sv-SE","@id":"https:\/\/yoopies.se\/c\/jobb-for-ukrainska-flyktingar\/#primaryimage","url":"https:\/\/yoopies.se\/c\/wp-content\/uploads\/sites\/16\/2022\/08\/89e306bb-d4ca-44a0-8cf1-23bff2172e3d-pexels-fauxels-318446528129.jpg","contentUrl":"https:\/\/yoopies.se\/c\/wp-content\/uploads\/sites\/16\/2022\/08\/89e306bb-d4ca-44a0-8cf1-23bff2172e3d-pexels-fauxels-318446528129.jpg","width":1200,"height":800},{"@type":"BreadcrumbList","@id":"https:\/\/yoopies.se\/c\/jobb-for-ukrainska-flyktingar\/#breadcrumb","itemListElement":[{"@type":"ListItem","position":1,"name":"Home","item":"https:\/\/yoopies.se\/c\/"},{"@type":"ListItem","position":2,"name":"Jobb f\u00f6r ukrainska flyktingar via Yoopies"}]},{"@type":"WebSite","@id":"https:\/\/yoopies.se\/c\/#website","url":"https:\/\/yoopies.se\/c\/","name":"Yoopies Sverige","description":"","potentialAction":[{"@type":"SearchAction","target":{"@type":"EntryPoint","urlTemplate":"https:\/\/yoopies.se\/c\/?s={search_term_string}"},"query-input":{"@type":"PropertyValueSpecification","valueRequired":true,"valueName":"search_term_string"}}],"inLanguage":"sv-SE"}]}},"_links":{"self":[{"href":"https:\/\/yoopies.se\/c\/wp-json\/wp\/v2\/pages\/11","targetHints":{"allow":["GET"]}}],"collection":[{"href":"https:\/\/yoopies.se\/c\/wp-json\/wp\/v2\/pages"}],"about":[{"href":"https:\/\/yoopies.se\/c\/wp-json\/wp\/v2\/types\/page"}],"author":[{"embeddable":true,"href":"https:\/\/yoopies.se\/c\/wp-json\/wp\/v2\/users\/10"}],"replies":[{"embeddable":true,"href":"https:\/\/yoopies.se\/c\/wp-json\/wp\/v2\/comments?post=11"}],"version-history":[{"count":1,"href":"https:\/\/yoopies.se\/c\/wp-json\/wp\/v2\/pages\/11\/revisions"}],"predecessor-version":[{"id":15,"href":"https:\/\/yoopies.se\/c\/wp-json\/wp\/v2\/pages\/11\/revisions\/15"}],"wp:featuredmedia":[{"embeddable":true,"href":"https:\/\/yoopies.se\/c\/wp-json\/wp\/v2\/media\/14"}],"wp:attachment":[{"href":"https:\/\/yoopies.se\/c\/wp-json\/wp\/v2\/media?parent=11"}],"curies":[{"name":"wp","href":"https:\/\/api.w.org\/{rel}","templated":true}]}}